{"id":82151,"date":"2026-04-14T14:53:13","date_gmt":"2026-04-14T12:53:13","guid":{"rendered":"https:\/\/safeblood.uk\/?page_id=82151"},"modified":"2026-04-14T15:45:53","modified_gmt":"2026-04-14T13:45:53","slug":"profile","status":"publish","type":"page","link":"https:\/\/safeblood.uk\/sk\/profile\/","title":{"rendered":"Profile"},"content":{"rendered":"[vc_row type=&#8220;in_container&#8220; full_screen_row_position=&#8220;middle&#8220; column_margin=&#8220;default&#8220; column_direction=&#8220;default&#8220; column_direction_tablet=&#8220;default&#8220; column_direction_phone=&#8220;default&#8220; scene_position=&#8220;center&#8220; text_color=&#8220;dark&#8220; text_align=&#8220;left&#8220; row_border_radius=&#8220;none&#8220; row_border_radius_applies=&#8220;bg&#8220; overlay_strength=&#8220;0.3&#8243; gradient_direction=&#8220;left_to_right&#8220; shape_divider_position=&#8220;bottom&#8220; bg_image_animation=&#8220;none&#8220;][vc_column column_padding=&#8220;no-extra-padding&#8220; column_padding_tablet=&#8220;inherit&#8220; column_padding_phone=&#8220;inherit&#8220; column_padding_position=&#8220;all&#8220; column_element_spacing=&#8220;default&#8220; background_color_opacity=&#8220;1&#8243; background_hover_color_opacity=&#8220;1&#8243; column_shadow=&#8220;none&#8220; column_border_radius=&#8220;none&#8220; column_link_target=&#8220;_self&#8220; gradient_direction=&#8220;left_to_right&#8220; overlay_strength=&#8220;0.3&#8243; width=&#8220;1\/1&#8243; tablet_width_inherit=&#8220;default&#8220; tablet_text_alignment=&#8220;default&#8220; phone_text_alignment=&#8220;default&#8220; bg_image_animation=&#8220;none&#8220; border_type=&#8220;simple&#8220; column_border_width=&#8220;none&#8220; column_border_style=&#8220;solid&#8220;][vc_column_text]<div class='wpfep-login-alert'>This page is restricted. Please <a href=\"https:\/\/safeblood.uk\/login\/\">Prihl\u00e1si\u0165 sa<\/a> to view this page.<\/div>[\/vc_column_text][\/vc_column][\/vc_row][vc_row type=&#8220;in_container&#8220; full_screen_row_position=&#8220;middle&#8220; column_margin=&#8220;default&#8220; column_direction=&#8220;default&#8220; column_direction_tablet=&#8220;default&#8220; column_direction_phone=&#8220;default&#8220; scene_position=&#8220;center&#8220; text_color=&#8220;dark&#8220; text_align=&#8220;left&#8220; row_border_radius=&#8220;none&#8220; row_border_radius_applies=&#8220;bg&#8220; overlay_strength=&#8220;0.3&#8243; gradient_direction=&#8220;left_to_right&#8220; shape_divider_position=&#8220;bottom&#8220; bg_image_animation=&#8220;none&#8220;][vc_column column_padding=&#8220;no-extra-padding&#8220; column_padding_tablet=&#8220;inherit&#8220; column_padding_phone=&#8220;inherit&#8220; column_padding_position=&#8220;all&#8220; column_element_spacing=&#8220;default&#8220; background_color_opacity=&#8220;1&#8243; background_hover_color_opacity=&#8220;1&#8243; column_shadow=&#8220;none&#8220; column_border_radius=&#8220;none&#8220; column_link_target=&#8220;_self&#8220; gradient_direction=&#8220;left_to_right&#8220; overlay_strength=&#8220;0.3&#8243; width=&#8220;1\/6&#8243; tablet_width_inherit=&#8220;default&#8220; tablet_text_alignment=&#8220;default&#8220; phone_text_alignment=&#8220;default&#8220; bg_image_animation=&#8220;none&#8220; border_type=&#8220;simple&#8220; column_border_width=&#8220;none&#8220; column_border_style=&#8220;solid&#8220;][\/vc_column][vc_column column_padding=&#8220;no-extra-padding&#8220; column_padding_tablet=&#8220;inherit&#8220; column_padding_phone=&#8220;inherit&#8220; column_padding_position=&#8220;all&#8220; column_element_spacing=&#8220;default&#8220; background_color_opacity=&#8220;1&#8243; background_hover_color_opacity=&#8220;1&#8243; column_shadow=&#8220;none&#8220; column_border_radius=&#8220;none&#8220; column_link_target=&#8220;_self&#8220; gradient_direction=&#8220;left_to_right&#8220; overlay_strength=&#8220;0.3&#8243; width=&#8220;2\/3&#8243; tablet_width_inherit=&#8220;default&#8220; tablet_text_alignment=&#8220;default&#8220; phone_text_alignment=&#8220;default&#8220; bg_image_animation=&#8220;none&#8220; border_type=&#8220;simple&#8220; column_border_width=&#8220;none&#8220; column_border_style=&#8220;solid&#8220;][vc_column_text]\t<div class=\"asp_product_item\">\n\t\t<div class=\"asp_product_item_top\">\n\t\t<div class=\"asp_product_item_thumbnail\">\n\t\t\t\n\t\t<\/div>\n\t\t<div class=\"asp_product_name\">\n\t\t\t\u010clensk\u00fd pr\u00edspevok Safeblood\n\t\t<\/div>\n\t\t<\/div>\n\t\t<div style=\"clear:both;\"><\/div>\n\t\t<div class=\"asp_product_description\">\n\t\t<p>Cena za \u010dlenstvo v SafeBlood je 50 EUR\/CHF ro\u010dne za ka\u017ed\u00e9ho dospel\u00e9ho \u010dlena, \u00fa\u010dtovan\u00e1 za kalend\u00e1rny rok. Deti a ml\u00e1de\u017e do 18 rokov alebo osoby st\u00e1le v procese vzdel\u00e1vania maj\u00fa \u010dlenstvo zdarma.<\/p>\n<p>T\u00e1to suma plat\u00ed od roku 2025. Ak ste sa stali \u010dlenom pred rokom 2025, suma 50 EUR\/CHF bola iba odpor\u00fa\u010dan\u00edm. Mohli ste si sami ur\u010di\u0165, ak\u00fa sumu n\u00e1m chcete ka\u017ed\u00fd rok posla\u0165 ako \u010dlensk\u00fd pr\u00edspevok. Mnoh\u00fdm \u010dlenom sa to zdalo pr\u00edli\u0161 zlo\u017eit\u00e9 a priali si fixn\u00fa ro\u010dn\u00fa sumu. To plat\u00ed od roku 2025. Ak ste sa \u010dlenom stali u\u017e sk\u00f4r, pre v\u00e1s st\u00e1le platia podmienky z \u010dasu v\u00e1\u0161ho vstupu do SafeBlood, \u010do vo va\u0161om pr\u00edpade znamen\u00e1, \u017ee v\u00fd\u0161ku svojho pr\u00edspevku si m\u00f4\u017eete na\u010falej ur\u010dova\u0165 sami. Samozrejme, ak si m\u00f4\u017eete dovoli\u0165 vy\u0161\u0161ie uveden\u00fd pr\u00edspevok, budeme radi.<\/p>\n<p>Ak sa chcete sta\u0165 \u010dlenom, ale nem\u00f4\u017eete si to dovoli\u0165, po\u0161lite n\u00e1m <a href=\"mailto:info@safeblood.net\" target=\"_blank\" rel=\"noopener\">e-mail<\/a> a po\u017eiadajte o bezplatn\u00e9 \u010dlenstvo alebo zn\u00ed\u017een\u00fd pr\u00edspevok. Sme si vedom\u00ed toho, \u017ee existuj\u00fa pr\u00edpady, ke\u010f je to potrebn\u00e9.<\/p>\n<p>Plati\u0165 m\u00f4\u017eete prevodom na n\u00e1\u0161 \u00fa\u010det v PostFinance, cez Paypal, Bitcoin alebo Unvaxcoin, ako aj kreditnou kartou pomocou tla\u010didla ni\u017e\u0161ie.<br \/>\n<strong>Samozrejme, ocen\u00edme, ak zaplat\u00edte priamym prevodom na \u00fa\u010det PostFinance, ke\u010f\u017ee m\u00e1me najni\u017e\u0161ie poplatky; v\u00e4\u010d\u0161ia \u010das\u0165 v\u00e1\u0161ho pr\u00edspevku tak p\u00f4jde na svoj skuto\u010dn\u00fd \u00fa\u010del.<\/strong><\/p>\n<hr \/>\n<p><span style=\"color: #ff0000;\"><strong>KREDITN\u00c1 KARTA:<br \/>\n<\/strong><\/span>Pre platby kreditnou kartou prejdite \u00faplne nadol a kliknite na \u010derven\u00e9 tla\u010didlo <span style=\"color: #ff0000;\">Platba kreditnou kartou<\/span>.<\/p>\n<hr \/>\n<p><span style=\"color: #ff0000;\"><strong>BANKOV\u00dd PREVOD \/ CHF<\/strong>:<br \/>\n<\/span>N\u00e1\u0161 \u00fa\u010det v PostFinance pre prevody v CHF je<\/p>\n<p><strong>CH96 0900 0000 1586 7596 5<\/strong><br \/>\nSafeBlood, Ankenweid 29, 8041 Z\u00fcrich<\/p>\n<p>Pre platby zo zahrani\u010dia potrebujete navy\u0161e nasleduj\u00faci BIC (SWIFT k\u00f3d):<br \/>\nPOFICHBEXXX<br \/>\nN\u00e1zov banky: PostFinance AG, Mingerstrasse 20, CH-3030 Bern, \u0160vaj\u010diarsko<\/p>\n<p><a href=\"https:\/\/safeblood.uk\/wp-content\/uploads\/2024\/02\/QR-code-postfinance.jpg\"><img class=\"alignleft size-thumbnail wp-image-73974\" src=\"https:\/\/safeblood.uk\/wp-content\/uploads\/2024\/02\/QR-code-postfinance-150x150.jpg\" alt=\"\" width=\"150\" height=\"150\" \/><\/a><\/p>\n<p>Pri platb\u00e1ch na po\u0161tov\u00fd \u00fa\u010det uve\u010fte do spr\u00e1vy pre prij\u00edmate\u013ea \u00fa\u010del platby:<br \/>\n<strong>Dar <\/strong>alebo \u010clensk\u00fd pr\u00edspevok 2026<\/p>\n<hr \/>\n<p><span style=\"color: #ff0000;\"><strong>BANKOV\u00dd PREVOD \/ EURO (\u20ac)<\/strong>:<br \/>\n<\/span>N\u00e1\u0161 \u00fa\u010det v PostFinance pre prevody v EURO je<\/p>\n<p class=\"p1\"><strong>CH54 0900 0000 1686 2698 1<br \/>\n<\/strong>SafeBlood, Ankenweid 29, 8041 Z\u00fcrich<\/p>\n<p>Pre platby zo zahrani\u010dia potrebujete navy\u0161e nasleduj\u00faci BIC (SWIFT k\u00f3d):<br \/>\nPOFICHBEXXX<br \/>\nN\u00e1zov banky: PostFinance AG, Mingerstrasse 20, CH-3030 Bern, \u0160vaj\u010diarsko<\/p>\n<p><a href=\"https:\/\/safeblood.uk\/wp-content\/uploads\/2026\/04\/QR-code-postfinance-eurokonto.jpg\"><img class=\"alignleft wp-image-82070 size-thumbnail\" src=\"https:\/\/safeblood.uk\/wp-content\/uploads\/2026\/04\/QR-code-postfinance-eurokonto-150x150.jpg\" alt=\"\" width=\"150\" height=\"150\" \/><\/a><\/p>\n<p>Pri platb\u00e1ch na po\u0161tov\u00fd \u00fa\u010det uve\u010fte do spr\u00e1vy pre prij\u00edmate\u013ea \u00fa\u010del platby:<br \/>\n<strong>Dar <\/strong>alebo \u010clensk\u00fd pr\u00edspevok 2026<\/p>\n<hr \/>\n<p class=\"p1\"><span style=\"color: #ff0000;\"><strong>PAYPAL:<br \/>\n<\/strong><\/span>Ak chcete plati\u0165 cez PayPal, kliknite na tla\u010didlo \"Darova\u0165\" alebo naskenujte QR k\u00f3d aplik\u00e1ciou PayPal:<\/p>\n<div >\n<form target='_blank' action='https:\/\/www.paypal.com\/cgi-bin\/webscr' method='post'><input type='hidden' name='cmd' value='_donations' \/><input type='hidden' name='business' value='george@safeblood.net' \/><input type='hidden' name='item_name' value='Spenden' \/><input type='hidden' name='item_number' value='' \/><input type='hidden' name='currency_code' value='CHF' \/><input type='hidden' name='amount' id='amount_e81bace75f9fd77a1ddb7758081f6ea9' value='' \/><input type='hidden' name='no_note' value='0'><input type='hidden' name='no_shipping' value='1'><input type='hidden' name='notify_url' value='https:\/\/safeblood.uk\/wp-admin\/admin-post.php?action=add_wpedon_button_ipn'><input type='hidden' name='lc' value='de_DE'><input type='hidden' name='bn' value='WPPlugin_SP'><input type='hidden' name='return' value='' \/><input type='hidden' name='cancel_return' value='' \/><input class='wpedon_paypalbuttonimage' type='image' src='https:\/\/www.paypal.com\/de_DE\/DE\/i\/btn\/btn_donate_LG.gif' border='0' name='submit' alt='Make your payments with PayPal. It is free, secure, effective.' style='border: none;'><img alt='' border='0' style='border:none;display:none;' src='https:\/\/www.paypal.com\/de_DE\/i\/scr\/pixel.gif' width='1' height='1'><\/form>\n<\/div>\n<p><a href=\"https:\/\/safeblood.uk\/wp-content\/uploads\/2025\/07\/qrcode.png\"><img class=\"alignleft size-thumbnail wp-image-80095\" src=\"https:\/\/safeblood.uk\/wp-content\/uploads\/2025\/07\/qrcode-150x150.png\" alt=\"\" width=\"150\" height=\"150\" \/><\/a><\/p>\n<hr \/>\n<p><span style=\"color: #ff0000;\"><strong>BITCOIN:<br \/>\n<\/strong><\/span>Na\u0161a adresa pre Bitcoin platby je:<\/p>\n<p><img class=\"alignleft wp-image-69880\" src=\"https:\/\/safeblood.uk\/wp-content\/uploads\/2023\/04\/download.png\" alt=\"\" width=\"207\" height=\"207\" \/><\/p>\n<p><strong>bc1q786u8x2mhu03utewejpq45tnjrqck3shvpn7le<\/strong><\/p>\n<p>Pri platb\u00e1ch Bitcoinom n\u00e1m pros\u00edm po\u0161lite <a href=\"mailto:george@safeblood.net\" target=\"_blank\" rel=\"noopener\">e-mail<\/a> s uveden\u00edm sumy, d\u00e1tumu, v\u00e1\u0161ho mena a \u00fa\u010delu platby.<\/p>\n<hr \/>\n<p><span style=\"color: #ff0000;\"><strong>UNVAXCOIN:<br \/>\n<\/strong><\/span>Na\u0161a adresa pre UNVAXCOIN platby je:<\/p>\n<p><a href=\"https:\/\/safeblood.uk\/wp-content\/uploads\/2023\/07\/sbqr1.png\"><img class=\"alignleft wp-image-71118\" src=\"https:\/\/safeblood.uk\/wp-content\/uploads\/2023\/07\/sbqr1-150x150.png\" alt=\"\" width=\"208\" height=\"207\" \/><\/a><\/p>\n<p class=\"p1\"><b>rM43qVSpPGsyJjzonFmWWAuDPSz3s2tKUx<br \/>\n<\/b><br \/>\nPri platb\u00e1ch Unvaxcoinom n\u00e1m pros\u00edm po\u0161lite <a href=\"mailto:george@safeblood.net\" target=\"_blank\" rel=\"noopener\">e-mail<\/a> s uveden\u00edm sumy, d\u00e1tumu, v\u00e1\u0161ho mena a \u00fa\u010delu platby.<\/p>\n<hr \/>\n<p><span style=\"color: #ff0000;\"><strong>KREDITN\u00c1 KARTA:<br \/>\n<\/strong><\/span>Alternat\u00edvne m\u00f4\u017eete, ako u\u017e bolo spomenut\u00e9, samozrejme plati\u0165 kreditnou kartou v akejko\u013evek mene pomocou tla\u010didla <strong>ni\u017e\u0161ie<\/strong>.<\/p>\n\n\t\t<\/div>\n\t\t<div class=\"asp_price_container\">\n\t\t<span class=\"asp_price_amount\"><\/span> <span class=\"asp_new_price_amount\"><\/span> <span class=\"asp_quantity\"><\/span>\n\t\t<div class=\"asp_under_price_line\"><\/div>\n\t\t<\/div>\n\t\t<div class=\"asp_product_buy_button\">\n\t\t<div class=\"asp-processing-cont\" style=\"display:none;\"><span class=\"asp-processing\">Processing <i>.<\/i><i>.<\/i><i>.<\/i><\/span><\/div><form id = 'asp_ng_form_069e21cf16ca53' class='asp-stripe-form' action = '' METHOD = 'POST'> <input type='hidden' name='asp_product_id' value='82159' \/><div class=\"asp-child-hidden-fields\" style=\"display: none !important;\"><\/div><\/form><div id=\"asp-all-buttons-container-069e21cf16ca53\" class=\"asp_all_buttons_container\"><div class=\"asp_product_buy_btn_container\"><button id=\"asp_ng_button_069e21cf16ca53\" type=\"submit\" class=\"credit-card-donation-button\"><span>Platba kreditnou kartou<\/span><\/button><\/div><noscript>Stripe Payments requires Javascript to be supported by the browser in order to operate.<\/noscript><\/div><div id=\"asp-btn-spinner-container-069e21cf16ca53\" class=\"asp-btn-spinner-container\" style=\"display: none !important\"><div class=\"asp-btn-spinner\"><div><\/div><div><\/div><div><\/div><div><\/div><\/div><\/div><script>var asp_data_069e21cf16ca53 = {\"is_live\":true,\"product_id\":\"82159\",\"iframe_url\":\"https:\\\/\\\/safeblood.uk\\\/sk\\\/asp-payment-box\\\/?product_id=82159\",\"button_key\":\"c52cc0a7b528d6365d6ce154ef07acef\",\"item_price\":0,\"quantity\":1,\"custom_quantity\":\"\",\"description\":\"\",\"descrGenerated\":false,\"shipping\":0,\"tax\":0,\"image\":\"\",\"currency\":\"EUR\",\"currency_variable\":\"1\",\"locale\":\"auto\",\"name\":\"\\u010clensk\\u00fd pr\\u00edspevok Safeblood\",\"url\":\"\",\"amount\":0,\"billingAddress\":false,\"shippingAddress\":false,\"customer_email\":\"\",\"uniq_id\":\"069e21cf16ca53\",\"variable\":true,\"zeroCents\":[\"JPY\",\"MGA\",\"VND\",\"KRW\"],\"addonHooks\":[\"recaptcha\"],\"button_text\":\"Platba kreditnou kartou\",\"out_of_stock\":false,\"stock_control_enabled\":false,\"stock_items\":0,\"currencyFormat\":{\"c\":2,\"d\":\".\",\"t\":\",\",\"s\":\"\\u20ac\",\"pos\":\"left\"},\"displayStr\":{\"tax\":\"%s (tax)\",\"ship\":\"%s (shipping)\"},\"thankyou_page_url\":\"\",\"show_custom_amount_input\":false,\"recaptchaSiteKey\":\"6LfNlfEgAAAAAJCVtvZhjFEaSnxftRmKtPbnUBRs\",\"recaptchaInvisible\":0};if(typeof jQuery!==\"undefined\") {jQuery(document).ready(function() {new stripeHandlerNG(asp_data_069e21cf16ca53);});} else { if (typeof wpaspInitOnDocReady===\"undefined\") {var wpaspInitOnDocReady=[];} wpaspInitOnDocReady.push(asp_data_069e21cf16ca53);}<\/script>\n\t\t<\/div>\n\t<\/div>\n\t[\/vc_column_text][\/vc_column][vc_column column_padding=&#8220;no-extra-padding&#8220; column_padding_tablet=&#8220;inherit&#8220; column_padding_phone=&#8220;inherit&#8220; column_padding_position=&#8220;all&#8220; column_element_spacing=&#8220;default&#8220; background_color_opacity=&#8220;1&#8243; background_hover_color_opacity=&#8220;1&#8243; column_shadow=&#8220;none&#8220; column_border_radius=&#8220;none&#8220; column_link_target=&#8220;_self&#8220; gradient_direction=&#8220;left_to_right&#8220; overlay_strength=&#8220;0.3&#8243; width=&#8220;1\/6&#8243; tablet_width_inherit=&#8220;default&#8220; tablet_text_alignment=&#8220;default&#8220; phone_text_alignment=&#8220;default&#8220; bg_image_animation=&#8220;none&#8220; border_type=&#8220;simple&#8220; column_border_width=&#8220;none&#8220; column_border_style=&#8220;solid&#8220;][\/vc_column][\/vc_row]\n","protected":false},"excerpt":{"rendered":"<p>\u010clensk\u00fd pr\u00edspevok Safeblood Cena za \u010dlenstvo v SafeBlood je 50 EUR\/CHF ro\u010dne za ka\u017ed\u00e9ho dospel\u00e9ho \u010dlena, \u00fa\u010dtovan\u00e1 za kalend\u00e1rny rok. Deti a ml\u00e1de\u017e do 18 rokov alebo osoby st\u00e1le v&#8230;<\/p>\n","protected":false},"author":2,"featured_media":0,"parent":0,"menu_order":0,"comment_status":"closed","ping_status":"closed","template":"","meta":[],"_links":{"self":[{"href":"https:\/\/safeblood.uk\/sk\/wp-json\/wp\/v2\/pages\/82151"}],"collection":[{"href":"https:\/\/safeblood.uk\/sk\/wp-json\/wp\/v2\/pages"}],"about":[{"href":"https:\/\/safeblood.uk\/sk\/wp-json\/wp\/v2\/types\/page"}],"author":[{"embeddable":true,"href":"https:\/\/safeblood.uk\/sk\/wp-json\/wp\/v2\/users\/2"}],"replies":[{"embeddable":true,"href":"https:\/\/safeblood.uk\/sk\/wp-json\/wp\/v2\/comments?post=82151"}],"version-history":[{"count":2,"href":"https:\/\/safeblood.uk\/sk\/wp-json\/wp\/v2\/pages\/82151\/revisions"}],"predecessor-version":[{"id":82160,"href":"https:\/\/safeblood.uk\/sk\/wp-json\/wp\/v2\/pages\/82151\/revisions\/82160"}],"wp:attachment":[{"href":"https:\/\/safeblood.uk\/sk\/wp-json\/wp\/v2\/media?parent=82151"}],"curies":[{"name":"wp","href":"https:\/\/api.w.org\/{rel}","templated":true}]}}