{"id":79305,"date":"2025-04-13T16:03:34","date_gmt":"2025-04-13T14:03:34","guid":{"rendered":"https:\/\/safeblood.uk\/?page_id=79305"},"modified":"2025-07-10T13:04:20","modified_gmt":"2025-07-10T11:04:20","slug":"todos-os-nossos-nomes-de-dominio","status":"publish","type":"page","link":"https:\/\/safeblood.uk\/pt-pt\/todos-os-nossos-nomes-de-dominio\/","title":{"rendered":"Todos os nossos nomes de dom\u00ednio"},"content":{"rendered":"[vc_row type=&#8221;in_container&#8221; full_screen_row_position=&#8221;middle&#8221; column_margin=&#8221;default&#8221; column_direction=&#8221;default&#8221; column_direction_tablet=&#8221;default&#8221; column_direction_phone=&#8221;default&#8221; scene_position=&#8221;center&#8221; text_color=&#8221;dark&#8221; text_align=&#8221;left&#8221; row_border_radius=&#8221;none&#8221; row_border_radius_applies=&#8221;bg&#8221; overlay_strength=&#8221;0.3&#8243; gradient_direction=&#8221;left_to_right&#8221; shape_divider_position=&#8221;bottom&#8221; bg_image_animation=&#8221;none&#8221;][vc_column column_padding=&#8221;no-extra-padding&#8221; column_padding_tablet=&#8221;inherit&#8221; column_padding_phone=&#8221;inherit&#8221; column_padding_position=&#8221;all&#8221; column_element_spacing=&#8221;default&#8221; background_color_opacity=&#8221;1&#8243; background_hover_color_opacity=&#8221;1&#8243; column_shadow=&#8221;none&#8221; column_border_radius=&#8221;none&#8221; column_link_target=&#8221;_self&#8221; gradient_direction=&#8221;left_to_right&#8221; overlay_strength=&#8221;0.3&#8243; width=&#8221;1\/1&#8243; tablet_width_inherit=&#8221;default&#8221; tablet_text_alignment=&#8221;default&#8221; phone_text_alignment=&#8221;default&#8221; bg_image_animation=&#8221;none&#8221; border_type=&#8221;simple&#8221; column_border_width=&#8221;none&#8221; column_border_style=&#8221;solid&#8221;][vc_column_text]\n<p class=\"p1\"><strong>Todos os nossos nomes de dom\u00ednio<\/strong><\/p>\n<p class=\"p1\">Regist\u00e1mos cerca de 100 nomes de dom\u00ednio para que possamos ser facilmente encontrados em todo o mundo. Se um site n\u00e3o estiver acess\u00edvel, tente simplesmente outro. Agradecemos que <a href=\"mailto:info@safeblood.net\" target=\"_blank\" rel=\"noopener\">nos informe<\/a> se o seu site preferido estiver bloqueado no seu pa\u00eds.<\/p>\n<p class=\"p1\">Como pode imaginar, estes dom\u00ednios e a sua manuten\u00e7\u00e3o constituem um dos principais custos para as nossas organiza\u00e7\u00f5es, mas consideramos este servi\u00e7o um dever para consigo.<\/p>\n<p class=\"p1\">Abaixo encontrar\u00e1 todos os nossos dom\u00ednios, organizados por projecto, continente e, no final, todos os dom\u00ednios n\u00e3o atribu\u00eddos geograficamente. O idioma apresentado depende das defini\u00e7\u00f5es do seu navegador, por isso a p\u00e1gina abrir\u00e1 normalmente no idioma que tiver seleccionado. Se tal n\u00e3o acontecer, pode alterar o idioma atrav\u00e9s do menu no canto superior direito. Alguns dos sites est\u00e3o actualmente dispon\u00edveis apenas em ingl\u00eas.<\/p>\n<h2>SafeBlood<\/h2>\n<h3 class=\"p1\"><strong>\u00c1frica<\/strong><\/h3>\n<p><a href=\"http:\/\/safeblood.africa\" target=\"_blank\" rel=\"noopener\">safeblood.africa<\/a><br \/>\n<a href=\"https:\/\/safeblood.co.za\" target=\"_blank\" rel=\"noopener\">safeblood.co.za<\/a><br \/>\n<a href=\"https:\/\/safeblood.co.zm\" target=\"_blank\" rel=\"noopener\">safeblood.co.zm<\/a><\/p>\n<h3 class=\"p1\"><strong>Am\u00e9rica<\/strong><\/h3>\n<p class=\"p1\"><em>Website exclusivo para os EUA:<br \/>\n<\/em><a href=\"http:\/\/safeblood.com\" target=\"_blank\" rel=\"noopener\">safeblood.com<\/a><br \/>\n<em>\u00a0Todos os outros dom\u00ednios para o continente americano:<br \/>\n<\/em><a href=\"https:\/\/safeblood.net.br\" target=\"_blank\" rel=\"noopener\">safeblood.net.br<\/a><br \/>\n<a href=\"https:\/\/safeblood.ca\" target=\"_blank\" rel=\"noopener\">safeblood.ca<\/a><br \/>\n<a href=\"https:\/\/safeblood.mx\" target=\"_blank\" rel=\"noopener\">safeblood.mx<\/a><br \/>\n<a href=\"https:\/\/safeblood.us\" target=\"_blank\" rel=\"noopener\">safeblood.us<\/a><\/p>\n<h3 class=\"p1\"><strong>\u00c1sia<\/strong><\/h3>\n<p><a href=\"https:\/\/safeblood.ae\" target=\"_blank\" rel=\"noopener\">safeblood.ae<\/a><br \/>\n<a href=\"http:\/\/safeblood.asia\" target=\"_blank\" rel=\"noopener\">safeblood.asia<\/a><br \/>\n<a href=\"http:\/\/safeblood.cn\" target=\"_blank\" rel=\"noopener\">safeblood.cn<\/a><br \/>\n<a href=\"https:\/\/safeblood.com.cn\/\" target=\"_blank\" rel=\"noopener\">safeblood.com.cn<\/a><br \/>\n<a href=\"https:\/\/safeblood.net.cn\/\" target=\"_blank\" rel=\"noopener\">safeblood.net.cn<\/a><br \/>\n<a href=\"https:\/\/safeblood.org.cn\/\" target=\"_blank\" rel=\"noopener\">safeblood.org.cn<\/a><br \/>\n<a href=\"https:\/\/safeblood.in\" target=\"_blank\" rel=\"noopener\">safeblood.in<\/a><br \/>\n<a href=\"http:\/\/safeblood.in.th\" target=\"_blank\" rel=\"noopener\">safeblood.in.th<\/a><br \/>\n<a href=\"https:\/\/safeblood.jp\" target=\"_blank\" rel=\"noopener\">safeblood.jp<\/a><br \/>\n<a href=\"https:\/\/safeblood.my\" target=\"_blank\" rel=\"noopener\">safeblood.my<\/a><br \/>\n<a href=\"https:\/\/safeblood.ph\" target=\"_blank\" rel=\"noopener\">safeblood.ph<\/a><br \/>\n<a href=\"https:\/\/safeblood.ru\" target=\"_blank\" rel=\"noopener\">safeblood.ru<\/a><br \/>\n<a href=\"http:\/\/safeblood.in.th\" target=\"_blank\" rel=\"noopener\">\u0e40\u0e25\u0e37\u0e2d\u0e14\u0e17\u0e35\u0e48\u0e1b\u0e25\u0e2d\u0e14\u0e20\u0e31\u0e22.TH<\/a><br \/>\n<a href=\"http:\/\/safeblood.in.th\" target=\"_blank\" rel=\"noopener\">\u0e40\u0e25\u0e37\u0e2d\u0e14\u0e17\u0e35\u0e48\u0e1b\u0e25\u0e2d\u0e14\u0e20\u0e31\u0e22.\u0e44\u0e17\u0e22<\/a><\/p>\n<h3 class=\"p1\"><strong>Austr\u00e1lia\/Oce\u00e2nia<\/strong><\/h3>\n<p><a href=\"http:\/\/safeblood.au\" target=\"_blank\" rel=\"noopener\">safeblood.au<\/a><br \/>\n<a href=\"http:\/\/safeblood.nz\" target=\"_blank\" rel=\"noopener\">safeblood.nz<\/a><br \/>\n<a href=\"https:\/\/safeblood.tv\" target=\"_blank\" rel=\"noopener\">safeblood.tv<\/a><\/p>\n<h3 class=\"p1\"><strong>Europa<\/strong><\/h3>\n<p><a href=\"http:\/\/safeblood.at\" target=\"_blank\" rel=\"noopener\">safeblood.at<\/a><br \/>\n<a href=\"http:\/\/safeblood.be\" target=\"_blank\" rel=\"noopener\">safeblood.be<\/a><br \/>\n<a href=\"https:\/\/safeblood.uk\/pt-pt\/\" target=\"_blank\" rel=\"noopener\">safeblood.ch<\/a><br \/>\n<a href=\"https:\/\/safeblood.cz\" target=\"_blank\" rel=\"noopener\">safeblood.cz<\/a><br \/>\n<a href=\"http:\/\/safeblood.de\" target=\"_blank\" rel=\"noopener\">safeblood.de<\/a><br \/>\n<a href=\"https:\/\/safeblood.dk\" target=\"_blank\" rel=\"noopener\">safeblood.dk<\/a><br \/>\n<a href=\"https:\/\/safeblood.es\" target=\"_blank\" rel=\"noopener\">safeblood.es<\/a><br \/>\n<a href=\"https:\/\/safeblood.fi\" target=\"_blank\" rel=\"noopener\">safeblood.fi<\/a><br \/>\n<a href=\"http:\/\/safeblood.fr\" target=\"_blank\" rel=\"noopener\">safeblood.fr<\/a><br \/>\n<a href=\"https:\/\/safeblood.hu\" target=\"_blank\" rel=\"noopener\">safeblood.hu<\/a><br \/>\n<a href=\"https:\/\/safeblood.ie\" target=\"_blank\" rel=\"noopener\">safeblood.ie<\/a> (pendente)<br \/>\n<a href=\"http:\/\/safeblood.it\" target=\"_blank\" rel=\"noopener\">safeblood.it<\/a><br \/>\n<a href=\"https:\/\/safeblood.li\" target=\"_blank\" rel=\"noopener\">safeblood.li<\/a><br \/>\n<a href=\"http:\/\/safeblood.lu\" target=\"_blank\" rel=\"noopener\">safeblood.lu<\/a><br \/>\n<a href=\"http:\/\/safeblood.me\" target=\"_blank\" rel=\"noopener\">safeblood.me<\/a><br \/>\n<a href=\"https:\/\/safeblood.mt\/\" target=\"_blank\" rel=\"noopener\">safeblood.mt<\/a><br \/>\n<a href=\"http:\/\/safeblood.nl\" target=\"_blank\" rel=\"noopener\">safeblood.nl<\/a><br \/>\n<a href=\"https:\/\/safeblood.pl\/\" target=\"_blank\" rel=\"noopener\">safeblood.pl<\/a><br \/>\n<a href=\"https:\/\/safeblood.pt\/\" target=\"_blank\" rel=\"noopener\">safeblood.pt<\/a><br \/>\n<a href=\"https:\/\/safeblood.ro\/\" target=\"_blank\" rel=\"noopener\">safeblood.ro<\/a><br \/>\n<a href=\"https:\/\/safeblood.rs\" target=\"_blank\" rel=\"noopener\">safeblood.rs<\/a><br \/>\n<a href=\"https:\/\/safeblood.se\" target=\"_blank\" rel=\"noopener\">safeblood.se<\/a><br \/>\n<a href=\"https:\/\/safeblood.sk\" target=\"_blank\" rel=\"noopener\">safeblood.sk<\/a><br \/>\n<a href=\"http:\/\/safeblood.uk\" target=\"_blank\" rel=\"noopener\">safeblood.uk<\/a><\/p>\n<h3 class=\"p1\"><strong>Dom\u00ednios globais e n\u00e3o atribu\u00eddos a pa\u00edses espec\u00edficos<\/strong><\/h3>\n<p class=\"p1\"><a href=\"https:\/\/blood.center\" target=\"_blank\" rel=\"noopener\">blood.center<\/a><br \/>\n<a href=\"https:\/\/safeblood.app\" target=\"_blank\" rel=\"noopener\">safeblood.app<\/a><br \/>\n<a href=\"https:\/\/safeblood.blog\" target=\"_blank\" rel=\"noopener\">safeblood.blog<\/a><br \/>\n<a href=\"https:\/\/safeblood.center\" target=\"_blank\" rel=\"noopener\">safeblood.center<\/a><br \/>\n<a href=\"https:\/\/safeblood.net\/\" target=\"_blank\" rel=\"noopener\">safeblood.charity<\/a><br \/>\n<a href=\"https:\/\/safeblood.family\" target=\"_blank\" rel=\"noopener\">safeblood.family<\/a><br \/>\n<a href=\"https:\/\/safeblood.global\" target=\"_blank\" rel=\"noopener\">safeblood.global<\/a><br \/>\n<a href=\"https:\/\/safeblood.health\" target=\"_blank\" rel=\"noopener\">safeblood.health<\/a><br \/>\n<a href=\"https:\/\/safeblood.healthcare\" target=\"_blank\" rel=\"noopener\">safeblood.healthcare<\/a><br \/>\n<a href=\"https:\/\/safeblood.info\" target=\"_blank\" rel=\"noopener\">safeblood.info<\/a><br \/>\n<a href=\"https:\/\/safeblood.international\" target=\"_blank\" rel=\"noopener\">safeblood.international<\/a><br \/>\n<a href=\"https:\/\/safeblood.life\" target=\"_blank\" rel=\"noopener\">safeblood.life<\/a><br \/>\n<a href=\"https:\/\/safeblood.live\" target=\"_blank\" rel=\"noopener\">safeblood.live<\/a><br \/>\n<a href=\"http:\/\/safeblood.net\/\" target=\"_blank\" rel=\"noopener\">safeblood.net<\/a><br \/>\n<a href=\"https:\/\/safeblood.ngo\/\" target=\"_blank\" rel=\"noopener\">safeblood.ngo<\/a><br \/>\n<a href=\"https:\/\/safeblood.online\" target=\"_blank\" rel=\"noopener\">safeblood.online<\/a><br \/>\n<a href=\"https:\/\/safeblood.org\" target=\"_blank\" rel=\"noopener\">safeblood.org<\/a><br \/>\n<a href=\"https:\/\/safeblood.store\" target=\"_blank\" rel=\"noopener\">safeblood.store<\/a><br \/>\n<a href=\"https:\/\/safeblood.world\" target=\"_blank\" rel=\"noopener\">safeblood.world<\/a><br \/>\n<a href=\"https:\/\/safebloodfoundation.com\" target=\"_blank\" rel=\"noopener\">safebloodfoundation.com<\/a><br \/>\n<a href=\"https:\/\/safebloodfoundation.org\" target=\"_blank\" rel=\"noopener\">safebloodfoundation.org<\/a><br \/>\n<a href=\"https:\/\/saveblood.africa\" target=\"_blank\" rel=\"noopener\">saveblood.africa<\/a><br \/>\n<a href=\"https:\/\/saveblood.ch\" target=\"_blank\" rel=\"noopener\">saveblood.ch<\/a><br \/>\n<a href=\"https:\/\/saveblood.info\" target=\"_blank\" rel=\"noopener\">saveblood.info<\/a><br \/>\n<a href=\"https:\/\/saveblood.net\" target=\"_blank\" rel=\"noopener\">saveblood.net<\/a><br \/>\n<a href=\"https:\/\/\u0441\u0430\u0444\u0435\u0431\u043b\u043e\u043e\u0434.org\" target=\"_blank\" rel=\"noopener\">\u0441\u0430\u0444\u0435\u0431\u043b\u043e\u043e\u0434.org<\/a><\/p>\n<h2>Safereproduction<\/h2>\n<p class=\"p1\"><a href=\"https:\/\/safereproduction.africa\" target=\"_blank\" rel=\"noopener\">safereproduction.africa<\/a><br \/>\n<a href=\"https:\/\/safereproduction.cn\" target=\"_blank\" rel=\"noopener\">safereproduction.cn<\/a><br \/>\n<a href=\"https:\/\/safereproduction.com\" target=\"_blank\" rel=\"noopener\">safereproduction.com<\/a><br \/>\n<a href=\"https:\/\/safereproduction.global\" target=\"_blank\" rel=\"noopener\">safereproduction.global<\/a><br \/>\n<a href=\"https:\/\/safereproduction.international\" target=\"_blank\" rel=\"noopener\">safereproduction.international<\/a><br \/>\n<a href=\"https:\/\/safereproduction.life\" target=\"_blank\" rel=\"noopener\">safereproduction.life<\/a><br \/>\n<a href=\"https:\/\/safereproduction.me\" target=\"_blank\" rel=\"noopener\">safereproduction.me<\/a><br \/>\n<a href=\"https:\/\/safereproduction.net\" target=\"_blank\" rel=\"noopener\">safereproduction.net<\/a><br \/>\n<a href=\"https:\/\/safereproduction.org\" target=\"_blank\" rel=\"noopener\">safereproduction.org<\/a><br \/>\n<a href=\"https:\/\/safereproduction.us\" target=\"_blank\" rel=\"noopener\">safereproduction.us<\/a><br \/>\n<a href=\"https:\/\/safereproduction.world\" target=\"_blank\" rel=\"noopener\">safereproduction.world<\/a><\/p>\n<h2>Supportjust.one<\/h2>\n<p class=\"p1\"><a href=\"https:\/\/supportjust.one\" target=\"_blank\" rel=\"noopener\">supportjust.one<\/a><br \/>\n<a href=\"https:\/\/supportjust.me\" target=\"_blank\" rel=\"noopener\">supportjust.me<\/a><br \/>\n<a href=\"https:\/\/supportjustone.net\" target=\"_blank\" rel=\"noopener\">supportjustone.net<\/a><br \/>\n<a href=\"https:\/\/supportjustone.org\" target=\"_blank\" rel=\"noopener\">supportjustone.org<\/a><br \/>\n<a href=\"https:\/\/pleasesupport.us\" target=\"_blank\" rel=\"noopener\">pleasesupport.us<\/a><\/p>\n<h2 class=\"p1\">Organiza\u00e7\u00f5es parceiras<\/h2>\n<p><a href=\"https:\/\/worldhealthboard.net\/en-us\/\" target=\"_blank\" rel=\"noopener\">worldhealthboard.net<\/a>[\/vc_column_text][\/vc_column][\/vc_row]\n","protected":false},"excerpt":{"rendered":"<p>[vc_row type=&#8221;in_container&#8221; full_screen_row_position=&#8221;middle&#8221; column_margin=&#8221;default&#8221; column_direction=&#8221;default&#8221; column_direction_tablet=&#8221;default&#8221; column_direction_phone=&#8221;default&#8221; scene_position=&#8221;center&#8221; text_color=&#8221;dark&#8221; text_align=&#8221;left&#8221; row_border_radius=&#8221;none&#8221; row_border_radius_applies=&#8221;bg&#8221; overlay_strength=&#8221;0.3&#8243; gradient_direction=&#8221;left_to_right&#8221; shape_divider_position=&#8221;bottom&#8221; bg_image_animation=&#8221;none&#8221;][vc_column column_padding=&#8221;no-extra-padding&#8221; column_padding_tablet=&#8221;inherit&#8221; column_padding_phone=&#8221;inherit&#8221; column_padding_position=&#8221;all&#8221; column_element_spacing=&#8221;default&#8221; background_color_opacity=&#8221;1&#8243; background_hover_color_opacity=&#8221;1&#8243; column_shadow=&#8221;none&#8221; column_border_radius=&#8221;none&#8221; column_link_target=&#8221;_self&#8221; gradient_direction=&#8221;left_to_right&#8221; overlay_strength=&#8221;0.3&#8243; width=&#8221;1\/1&#8243; tablet_width_inherit=&#8221;default&#8221;&#8230;<\/p>\n","protected":false},"author":2,"featured_media":0,"parent":0,"menu_order":0,"comment_status":"closed","ping_status":"open","template":"","meta":[],"_links":{"self":[{"href":"https:\/\/safeblood.uk\/pt-pt\/wp-json\/wp\/v2\/pages\/79305"}],"collection":[{"href":"https:\/\/safeblood.uk\/pt-pt\/wp-json\/wp\/v2\/pages"}],"about":[{"href":"https:\/\/safeblood.uk\/pt-pt\/wp-json\/wp\/v2\/types\/page"}],"author":[{"embeddable":true,"href":"https:\/\/safeblood.uk\/pt-pt\/wp-json\/wp\/v2\/users\/2"}],"replies":[{"embeddable":true,"href":"https:\/\/safeblood.uk\/pt-pt\/wp-json\/wp\/v2\/comments?post=79305"}],"version-history":[{"count":9,"href":"https:\/\/safeblood.uk\/pt-pt\/wp-json\/wp\/v2\/pages\/79305\/revisions"}],"predecessor-version":[{"id":80044,"href":"https:\/\/safeblood.uk\/pt-pt\/wp-json\/wp\/v2\/pages\/79305\/revisions\/80044"}],"wp:attachment":[{"href":"https:\/\/safeblood.uk\/pt-pt\/wp-json\/wp\/v2\/media?parent=79305"}],"curies":[{"name":"wp","href":"https:\/\/api.w.org\/{rel}","templated":true}]}}