{"id":72066,"date":"2023-08-27T13:49:08","date_gmt":"2023-08-27T11:49:08","guid":{"rendered":"https:\/\/safeblood.uk\/?page_id=72066"},"modified":"2026-02-23T17:31:01","modified_gmt":"2026-02-23T16:31:01","slug":"sobre-nos-e-politica-de-privacidade","status":"publish","type":"page","link":"https:\/\/safeblood.uk\/pt-pt\/sobre-nos-e-politica-de-privacidade\/","title":{"rendered":"Sobre n\u00f3s e pol\u00edtica de privacidade"},"content":{"rendered":"[vc_row type=&#8221;in_container&#8221; full_screen_row_position=&#8221;middle&#8221; column_margin=&#8221;default&#8221; column_direction=&#8221;default&#8221; column_direction_tablet=&#8221;default&#8221; column_direction_phone=&#8221;default&#8221; scene_position=&#8221;center&#8221; text_color=&#8221;dark&#8221; text_align=&#8221;left&#8221; row_border_radius=&#8221;none&#8221; row_border_radius_applies=&#8221;bg&#8221; overlay_strength=&#8221;0.3&#8243; gradient_direction=&#8221;left_to_right&#8221; shape_divider_position=&#8221;bottom&#8221; bg_image_animation=&#8221;none&#8221;][vc_column column_padding=&#8221;no-extra-padding&#8221; column_padding_tablet=&#8221;inherit&#8221; column_padding_phone=&#8221;inherit&#8221; column_padding_position=&#8221;all&#8221; column_element_spacing=&#8221;default&#8221; background_color_opacity=&#8221;1&#8243; background_hover_color_opacity=&#8221;1&#8243; column_shadow=&#8221;none&#8221; column_border_radius=&#8221;none&#8221; column_link_target=&#8221;_self&#8221; gradient_direction=&#8221;left_to_right&#8221; overlay_strength=&#8221;0.3&#8243; width=&#8221;1\/1&#8243; tablet_width_inherit=&#8221;default&#8221; tablet_text_alignment=&#8221;default&#8221; phone_text_alignment=&#8221;default&#8221; bg_image_animation=&#8221;none&#8221; border_type=&#8221;simple&#8221; column_border_width=&#8221;none&#8221; column_border_style=&#8221;solid&#8221;][vc_column_text]<strong>Quem somos<\/strong><\/p>\n<p>A SafeBlood Donation \u00e9 uma associa\u00e7\u00e3o sem fins lucrativos registada com sede em Zurique.<br \/>\n(Os estatutos actuais podem ser descarregados <a href=\"https:\/\/safeblood.uk\/wp-content\/uploads\/2023\/06\/statutes-safeblood.pdf\" target=\"_blank\" rel=\"noopener\">aqui<\/a>)<strong><br \/>\n<\/strong>O endere\u00e7o comercial \u00e9 Ankenweid 29, 8041 Zurique, Su\u00ed\u00e7a.<strong><br \/>\n<\/strong>E-mail: <a href=\"mailto:info@safeblood.ch\">info@safeblood.ch<\/a><strong><br \/>\n<\/strong>Tel. +41 79 55 99 079<strong><br \/>\n<\/strong>Diretor-geral da CH e internacional: Georg Della Pietra &#8211; <a href=\"mailto:george@safeblood.ch\" target=\"_blank\" rel=\"noopener\">george@safeblood.ch<\/a><br \/>\nSecretariado: Kay &#8211; <a href=\"mailto:kay@safeblood.ch\" target=\"_blank\" rel=\"noopener\">kay@safeblood.ch<\/a><\/p>\n<p>O endere\u00e7o do nosso s\u00edtio Web \u00e9:\u00a0 \u00a0 <a href=\"https:\/\/safeblood.net\/en\" target=\"_blank\" rel=\"noopener\">https:\/\/safeblood.net<\/a> or <a href=\"https:\/\/safeblood.international\" target=\"_blank\" rel=\"noopener\">https:\/\/safeblood.international<\/a><\/p>\n<p>Sister site: <a href=\"https:\/\/safereproduction.net\/\" target=\"_blank\" rel=\"noopener\">safereproduction.net<\/a><\/p>\n<p>O nosso escrit\u00f3rio da SafeBlood Donation Portugal pode ser contactado em<br \/>\n<a href=\"mailto:info@safeblood.pt\" target=\"_blank\" rel=\"noopener\">info@safeblood.pt<\/a><br \/>\nChefe de equipa: Ant\u00f3nio Viriato Ferreira<br \/>\nTelefone: +351935553332 (n\u00e3o para casos de emerg\u00eancia)<\/p>\n<p>O nosso escrit\u00f3rio da SafeBlood Donation USA pode ser contactado em<br \/>\n<a href=\"mailto:info@safeblood.us\" target=\"_blank\" rel=\"noopener\">info@safeblood.us<\/a><br \/>\nChefe de equipa: Demitra<br \/>\nTelefone: 1-239-214-6424 (n\u00e3o para casos de emerg\u00eancia)<\/p>\n<p>O nosso gabinete para SafeBlood Donation Africa pode ser contactado atrav\u00e9s do endere\u00e7o<br \/>\n<a href=\"mailto:kay@safeblood.africa\">kay@safeblood.africa<\/a>.<br \/>\nL\u00edder da equipa: Kabaso Kapema<br \/>\nTel. +41 79 55 99 079<\/p>\n<p><strong>EUROPA<\/strong><\/p>\n<p>S\u00edtio Web para \u00c1ustria:\u00a0 \u00a0\u00a0 \u00a0\u00a0 \u00a0\u00a0 \u00a0\u00a0 \u00a0\u00a0 \u00a0\u00a0<a href=\"https:\/\/safeblood.at\/en\/\" target=\"_blank\" rel=\"noopener\">safeblood.at<\/a><\/p>\n<p>S\u00edtio Web para B\u00e9lgica:\u00a0 \u00a0 \u00a0 \u00a0 \u00a0 \u00a0 \u00a0\u00a0 \u00a0\u00a0 \u00a0<a href=\"http:\/\/safeblood.be\/en\/\" target=\"_blank\" rel=\"noopener\">safeblood.be<\/a><\/p>\n<p>S\u00edtio Web para Rep\u00fablica Checa: <a href=\"https:\/\/safeblood.cz\/en\/\" target=\"_blank\" rel=\"noopener\">safeblood.cz<\/a><\/p>\n<p>S\u00edtio Web para Dinamarca:\u00a0 \u00a0 \u00a0 \u00a0 \u00a0 \u00a0<a href=\"https:\/\/safeblood.dk\/en\/\" target=\"_blank\" rel=\"noopener\">safeblood.dk<\/a><br \/>\nP\u00e1gina de pa\u00eds de sangue seguro para\u00a0<a href=\"https:\/\/safeblood.dk\/da\/location\/denmark\/\" target=\"_blank\" rel=\"noopener\">Dinamarca<\/a><\/p>\n<p>S\u00edtio Web para Finl\u00e2ndia:\u00a0 \u00a0 \u00a0 \u00a0 \u00a0 \u00a0 \u00a0 \u00a0 <a href=\"https:\/\/safeblood.fi\/en\/\" target=\"_blank\" rel=\"noopener\">safeblood.fi<\/a><br \/>\nP\u00e1gina de pa\u00eds de sangue seguro para <a href=\"https:\/\/safeblood.fi\/en\/location\/news-from-the-countries\/finland\/\" target=\"_blank\" rel=\"noopener\">Finl\u00e2ndia<\/a><\/p>\n<p>S\u00edtio Web para Fran\u00e7a: \u00a0\u00a0 \u00a0\u00a0 \u00a0\u00a0 \u00a0\u00a0 \u00a0\u00a0 \u00a0<a href=\"https:\/\/safeblood.fr\/en\/\" target=\"_blank\" rel=\"noopener\">safeblood.fr<\/a><br \/>\nP\u00e1gina de pa\u00eds de sangue seguro para <a href=\"https:\/\/safeblood.net\/en\/location\/news-from-the-countries\/france\/\" target=\"_blank\" rel=\"noopener\">Fran\u00e7a<\/a><\/p>\n<p>S\u00edtio Web para Alemanha:\u00a0 \u00a0 \u00a0 \u00a0 \u00a0 \u00a0 <a href=\"https:\/\/safeblood.de\/en\/\" target=\"_blank\" rel=\"noopener\">safeblood.de<\/a><br \/>\nP\u00e1gina de pa\u00eds de sangue seguro para <a href=\"https:\/\/safeblood.de\/location\/news-aus-den-laendern\/deutschland\/\" target=\"_blank\" rel=\"noopener\">Alemanha<\/a><\/p>\n<p>S\u00edtio Web para It\u00e1lia:\u00a0 \u00a0 \u00a0 \u00a0 \u00a0\u00a0 \u00a0 \u00a0\u00a0 \u00a0\u00a0 \u00a0\u00a0 <a href=\"https:\/\/safeblood.it\/en\/\" target=\"_blank\" rel=\"noopener\">safeblood.it<\/a><br \/>\nP\u00e1gina de pa\u00eds de sangue seguro para <a href=\"https:\/\/safeblood.it\/en\/location\/news-from-the-countries\/italy\/\" target=\"_blank\" rel=\"noopener\">It\u00e1lia<\/a><\/p>\n<p>S\u00edtio Web para Luxemburgo:\u00a0 \u00a0 \u00a0 \u00a0<a href=\"https:\/\/safeblood.lu\/en\/\" target=\"_blank\" rel=\"noopener\">safeblood.lu<\/a><\/p>\n<p>S\u00edtio Web para Montenegro:\u00a0 \u00a0 \u00a0 \u00a0 <a href=\"https:\/\/safeblood.me\/en\/\" target=\"_blank\" rel=\"noopener\">safeblood.me<\/a><\/p>\n<p>S\u00edtio Web para Pa\u00edses Baixos: <a href=\"https:\/\/safeblood.nl\/en\/\" target=\"_blank\" rel=\"noopener\">safeblood.nl<\/a><br \/>\nP\u00e1gina de pa\u00eds de sangue seguro para\u00a0<a href=\"https:\/\/safeblood.nl\/nl\/location\/nieuws-uit-de-landen\/nederland\/\" target=\"_blank\" rel=\"noopener\">Pa\u00edses Baixos<\/a><\/p>\n<p>P\u00e1gina de pa\u00eds de sangue seguro para\u00a0<a href=\"https:\/\/safeblood.net\/en\/location\/news-from-the-countries\/norway\/\" target=\"_blank\" rel=\"noopener\">Noruega<\/a><\/p>\n<p>S\u00edtio Web para Pol\u00f3nia:\u00a0 \u00a0 \u00a0 \u00a0 \u00a0 \u00a0 \u00a0 \u00a0 \u00a0<a href=\"https:\/\/safeblood.pl\/en\/\" target=\"_blank\" rel=\"noopener\">safeblood.pl<\/a><\/p>\n<p>S\u00edtio Web para Portugal:\u00a0 \u00a0 \u00a0 \u00a0 \u00a0\u00a0 \u00a0\u00a0 <a href=\"https:\/\/safeblood.pt\/pt-pt\/\" target=\"_blank\" rel=\"noopener\">safeblood.pt<\/a><br \/>\nP\u00e1gina de pa\u00eds de sangue seguro para\u00a0<a href=\"https:\/\/safeblood.pt\/pt-pt\/location\/noticias-dos-paises\/portugal-pt-pt\/\" target=\"_blank\" rel=\"noopener\">Portugal<\/a> (portugu\u00eas)<br \/>\nP\u00e1gina de pa\u00eds de sangue seguro para\u00a0<a href=\"https:\/\/safeblood.pt\/en\/location\/news-from-the-countries\/portugal\/\" target=\"_blank\" rel=\"noopener\">Portugal<\/a>\u00a0(ingl\u00eas)<\/p>\n<p>S\u00edtio Web para Rom\u00e9nia:\u00a0 \u00a0 \u00a0 \u00a0 \u00a0\u00a0 \u00a0 <a href=\"https:\/\/safeblood.ro\/en\/\" target=\"_blank\" rel=\"noopener\">safeblood.ro<\/a><\/p>\n<p>S\u00edtio Web para S\u00e9rvia:\u00a0 \u00a0 \u00a0 \u00a0 \u00a0 \u00a0 \u00a0 \u00a0 \u00a0 <a href=\"https:\/\/safeblood.rs\/en\/\" target=\"_blank\" rel=\"noopener\">safeblood.rs<\/a><br \/>\nP\u00e1gina de pa\u00eds de sangue seguro para\u00a0<a href=\"https:\/\/safeblood.rs\/en\/location\/news-from-the-countries\/serbia\/\" target=\"_blank\" rel=\"noopener\">S\u00e9rvia<\/a><\/p>\n<p>S\u00edtio Web para Eslov\u00e1quia: \u00a0\u00a0 \u00a0\u00a0 \u00a0 \u00a0 \u00a0 \u00a0 <a href=\"https:\/\/safeblood.sk\" target=\"_blank\" rel=\"noopener\">safeblood.sk<\/a><\/p>\n<p>S\u00edtio Web para Espanha:\u00a0 \u00a0 \u00a0 \u00a0 \u00a0 \u00a0 \u00a0 \u00a0 \u00a0 \u00a0<a href=\"https:\/\/safeblood.es\/en\/\" target=\"_blank\" rel=\"noopener\">safeblood.es<\/a><br \/>\nP\u00e1gina de pa\u00eds de sangue seguro para\u00a0<a href=\"https:\/\/safeblood.net\/en\/location\/news-from-the-countries\/spain\/\" target=\"_blank\" rel=\"noopener\">Espanha<\/a><\/p>\n<p>S\u00edtio Web para Su\u00e9cia:\u00a0 \u00a0 \u00a0 \u00a0 \u00a0 \u00a0 \u00a0 \u00a0 \u00a0 \u00a0 \u00a0 \u00a0 <a href=\"https:\/\/safeblood.se\/en\/\" target=\"_blank\" rel=\"noopener\">safeblood.se<\/a><br \/>\nP\u00e1gina de pa\u00eds de sangue seguro para <a href=\"https:\/\/safeblood.se\/en\/location\/news-from-the-countries\/sweden\/\" target=\"_blank\" rel=\"noopener\">Su\u00e9cia<\/a><\/p>\n<p>S\u00edtio Web para Su\u00ed\u00e7a:\u00a0 \u00a0 \u00a0 \u00a0 \u00a0<a href=\"https:\/\/safeblood.uk\/en\/\" target=\"_blank\" rel=\"noopener\">safeblood.ch<\/a><br \/>\nP\u00e1gina de pa\u00eds de sangue seguro para <a href=\"https:\/\/safeblood.uk\/location\/noticias-especificas-de-cada-pais\/schweiz\/\" target=\"_blank\" rel=\"noopener\">Su\u00ed\u00e7a (parte alem\u00e3)<\/a><br \/>\nP\u00e1gina de pa\u00eds de sangue seguro para <a href=\"https:\/\/safeblood.uk\/en\/location\/news-from-the-countries\/suisse-romande-en\/\" target=\"_blank\" rel=\"noopener\">Su\u00ed\u00e7a (parte francesa)<\/a><br \/>\nP\u00e1gina de pa\u00eds de sangue seguro para <a href=\"https:\/\/safeblood.uk\/it\/location\/news-from-the-countries\/svizzera-italiana-en\/\" target=\"_blank\" rel=\"noopener\">Su\u00ed\u00e7a (parte italiana)<\/a><\/p>\n<p>S\u00edtio Web para REINO UNIDO:\u00a0 \u00a0 \u00a0 \u00a0 \u00a0 \u00a0<a href=\"http:\/\/safeblood.uk\/en\/\" target=\"_blank\" rel=\"noopener\">safeblood.uk<\/a><br \/>\nP\u00e1gina de pa\u00eds de sangue seguro para\u00a0<a href=\"https:\/\/safeblood.uk\/en\/location\/news-from-the-countries\/united-kingdom\/\" target=\"_blank\" rel=\"noopener\">REINO UNIDO e Irlanda<\/a><\/p>\n<p><strong>AS AM\u00c9RICAS<\/strong><\/p>\n<p>S\u00edtio Web para EUA:\u00a0 \u00a0 \u00a0 \u00a0\u00a0 \u00a0\u00a0 \u00a0\u00a0 \u00a0\u00a0 \u00a0 <a href=\"https:\/\/safeblood.us\/en\/\" target=\"_blank\" rel=\"noopener\">safeblood.us<\/a><br \/>\nP\u00e1gina de pa\u00eds de sangue seguro para <a href=\"https:\/\/safeblood.net\/en\/location\/news-from-the-countries\/usa\/\" target=\"_blank\" rel=\"noopener\">EUA<\/a><\/p>\n<p>S\u00edtio Web para Canad\u00e1:\u00a0 \u00a0 \u00a0 \u00a0 \u00a0 \u00a0 \u00a0 \u00a0<a href=\"https:\/\/safeblood.ca\/en\/\" target=\"_blank\" rel=\"noopener\">safeblood.ca<\/a><br \/>\nP\u00e1gina de pa\u00eds de sangue seguro para <a href=\"https:\/\/safeblood.ca\/en\/location\/news-from-the-countries\/canada\/\" target=\"_blank\" rel=\"noopener\">Canad\u00e1<\/a><\/p>\n<p>S\u00edtio Web para M\u00e9xico:\u00a0 \u00a0 \u00a0 \u00a0 \u00a0 \u00a0 \u00a0 \u00a0 <a href=\"https:\/\/safeblood.mx\/en\/\" target=\"_blank\" rel=\"noopener\">safeblood.mx<\/a><br \/>\nP\u00e1gina de pa\u00eds de sangue seguro para\u00a0<a href=\"https:\/\/safeblood.mx\/en\/location\/news-from-the-countries\/mexico\/\" target=\"_blank\" rel=\"noopener\">M\u00e9xico<\/a><\/p>\n<p><strong>AUSTR\u00c1LIA\/OCE\u00c2NIA<\/strong><\/p>\n<p>S\u00edtio Web para Austr\u00e1lia:\u00a0 \u00a0 \u00a0 \u00a0 \u00a0 \u00a0 \u00a0<a href=\"https:\/\/safeblood.au\/en\/\" target=\"_blank\" rel=\"noopener\">safeblood.au<\/a><br \/>\nP\u00e1gina de pa\u00eds de sangue seguro para <a href=\"https:\/\/safeblood.uk\/en\/location\/news-from-the-countries\/australia\/\" target=\"_blank\" rel=\"noopener\">Austr\u00e1lia<\/a><\/p>\n<p>S\u00edtio Web para Nova Zel\u00e2ndia:\u00a0 \u00a0 <a href=\"https:\/\/safeblood.nz\/en\/\" target=\"_blank\" rel=\"noopener\">safeblood.nz<\/a><br \/>\nP\u00e1gina de pa\u00eds de sangue seguro para <a href=\"https:\/\/safeblood.nz\/en\/location\/news-from-the-countries\/new-zealand\/\" target=\"_blank\" rel=\"noopener\">Nova Zel\u00e2ndia<\/a><\/p>\n<p><strong>\u00c1FRICA<\/strong><\/p>\n<p>S\u00edtio Web para \u00c1frica:\u00a0 \u00a0 \u00a0 \u00a0 \u00a0 \u00a0 \u00a0 \u00a0\u00a0 \u00a0\u00a0 <a href=\"http:\/\/safeblood.africa\/en\/\" target=\"_blank\" rel=\"noopener\">safeblood.africa<\/a><br \/>\nP\u00e1gina de pa\u00eds de sangue seguro para <a href=\"https:\/\/safeblood.africa\/en\/location\/news-from-the-countries\/africa\/\" target=\"_blank\" rel=\"noopener\">\u00c1frica<\/a><\/p>\n<p><strong>\u00c1SIA<\/strong><\/p>\n<p>S\u00edtio Web para \u00c1sia:\u00a0 \u00a0 \u00a0 \u00a0 \u00a0 \u00a0 \u00a0 \u00a0 \u00a0 \u00a0 \u00a0 \u00a0<a href=\"https:\/\/safeblood.asia\/en\/\" target=\"_blank\" rel=\"noopener\">safeblood.asia<\/a><\/p>\n<p>S\u00edtio Web para China:\u00a0 \u00a0 \u00a0 \u00a0 \u00a0 \u00a0 \u00a0 \u00a0 \u00a0 \u00a0 \u00a0<a href=\"https:\/\/safeblood.cn\/en\/\" target=\"_blank\" rel=\"noopener\">safeblood.cn<\/a><\/p>\n<p>S\u00edtio Web para \u00cdndia:\u00a0 \u00a0 \u00a0 \u00a0 \u00a0 \u00a0 \u00a0 \u00a0 \u00a0 \u00a0 \u00a0 <a href=\"https:\/\/safeblood.in\/en\/\" target=\"_blank\" rel=\"noopener\">safeblood.in<\/a><\/p>\n<p>S\u00edtio Web para Jap\u00e3o:\u00a0 \u00a0 \u00a0 \u00a0 \u00a0 \u00a0 \u00a0 \u00a0 \u00a0 \u00a0 \u00a0<a href=\"https:\/\/safeblood.jp\/en\/\" target=\"_blank\" rel=\"noopener\">safeblood.jp<\/a><\/p>\n<p>S\u00edtio Web para Filipinas:\u00a0 \u00a0 \u00a0 \u00a0 \u00a0 \u00a0 \u00a0 \u00a0 <a href=\"https:\/\/safeblood.ph\/en\/\" target=\"_blank\" rel=\"noopener\">safeblood.ph<\/a><br \/>\nP\u00e1gina de pa\u00eds de sangue seguro para <a href=\"https:\/\/safeblood.ph\/en\/location\/news-from-the-countries\/philippines\/\" target=\"_blank\" rel=\"noopener\">Filipinas<\/a><\/p>\n<p>S\u00edtio Web para Tail\u00e2ndia:\u00a0 \u00a0 \u00a0 \u00a0 \u00a0 \u00a0 \u00a0 <a href=\"http:\/\/safeblood.in.th\/en\/\" target=\"_blank\" rel=\"noopener\">safeblood.in.th<\/a>\u00a0+ <a href=\"http:\/\/safeblood.in.th\/en\/\" target=\"_blank\" rel=\"noopener\">\u0e40\u0e25\u0e37\u0e2d\u0e14\u0e17\u0e35\u0e48\u0e1b\u0e25\u0e2d\u0e14\u0e20\u0e31\u0e22.TH<\/a> + <a href=\"http:\/\/safeblood.in.th\/en\/\" target=\"_blank\" rel=\"noopener\">\u0e40\u0e25\u0e37\u0e2d\u0e14\u0e17\u0e35\u0e48\u0e1b\u0e25\u0e2d\u0e14\u0e20\u0e31\u0e22.\u0e44\u0e17\u0e22<\/a><br \/>\nP\u00e1gina de pa\u00eds de sangue seguro para <a href=\"https:\/\/safeblood.in.th\/en\/location\/news-from-the-countries\/thailand\/\" target=\"_blank\" rel=\"noopener\">Tail\u00e2ndia<\/a><\/p>\n<p>Todos os outros pa\u00edses:\u00a0 \u00a0 \u00a0 \u00a0 \u00a0 \u00a0 \u00a0 \u00a0 \u00a0 \u00a0 \u00a0<a href=\"https:\/\/safeblood.net\/en\/\" target=\"_blank\" rel=\"noopener\">safeblood.net<\/a><\/p>\n<p><a href=\"https:\/\/safeblood.pt\/en\/contact\/\" target=\"_blank\" rel=\"noopener\">Aqui<\/a> encontra liga\u00e7\u00f5es para os nossos <strong>canais Telegram<\/strong>.<\/p>\n<p>Conce\u00e7\u00e3o, conte\u00fado e manuten\u00e7\u00e3o de s\u00edtios Web:<br \/>\nGeorg Della Pietra<br \/>\n(com a ajuda de alguns &#8220;brownies&#8221; an\u00f3nimos &#8211; muito obrigado!)<\/p>\n<p class=\"p1\"><strong>AVISO DE ISEN\u00c7\u00c3O DE RESPONSABILIDADE (m\u00e9dico):<\/strong><\/p>\n<p class=\"p1\">A SAFE BLOOD DONATION N\u00c3O FORNECE ACONSELHAMENTO M\u00c9DICO.<\/p>\n<p class=\"p1\">As informa\u00e7\u00f5es, incluindo, mas n\u00e3o se limitando a, texto, gr\u00e1ficos, imagens e outros materiais publicados ou transmitidos pela Safe Blood Donation e pelos seus afiliados, directores, administradores, gestores, funcion\u00e1rios ou outros representantes, destinam-se apenas a fins informativos. Nenhum material se destina a substituir o aconselhamento, diagn\u00f3stico ou tratamento m\u00e9dico profissional. Procure sempre o conselho do seu prestador de cuidados de sa\u00fade de confian\u00e7a com quaisquer d\u00favidas que possa ter em rela\u00e7\u00e3o a uma condi\u00e7\u00e3o m\u00e9dica ou tratamento e antes de iniciar um novo regime de cuidados de sa\u00fade e nunca desconsidere o conselho m\u00e9dico profissional ou demore a procur\u00e1-lo por causa de algo que tenha lido ou visto em qualquer publica\u00e7\u00e3o ou transmiss\u00e3o da Safe Blood Donation.<\/p>\n<p><strong>Declara\u00e7\u00e3o de exonera\u00e7\u00e3o de responsabilidade<br \/>\n<\/strong>O autor reserva-se o direito de n\u00e3o se responsabilizar pela atualidade, corre\u00e7\u00e3o, integridade ou qualidade das informa\u00e7\u00f5es fornecidas. As reivindica\u00e7\u00f5es de responsabilidade por danos causados pela utiliza\u00e7\u00e3o de qualquer informa\u00e7\u00e3o fornecida, incluindo qualquer tipo de informa\u00e7\u00e3o incompleta ou incorrecta, ser\u00e3o, por conseguinte, rejeitadas. Todas as ofertas n\u00e3o s\u00e3o vinculativas. Partes das p\u00e1ginas ou a publica\u00e7\u00e3o completa, incluindo todas as ofertas e informa\u00e7\u00f5es, podem ser alargadas, alteradas ou parcial ou totalmente eliminadas pelo autor sem aviso pr\u00e9vio.<\/p>\n<p><strong>Exonera\u00e7\u00e3o de responsabilidade pelas liga\u00e7\u00f5es<br \/>\n<\/strong>As refer\u00eancias e liga\u00e7\u00f5es a s\u00edtios Web de terceiros est\u00e3o fora da nossa responsabilidade. N\u00e3o assumimos qualquer responsabilidade por esses s\u00edtios Web. O acesso e a utiliza\u00e7\u00e3o desses s\u00edtios Web s\u00e3o da responsabilidade do respetivo utilizador.<\/p>\n<p><strong>Direitos de autor<br \/>\n<\/strong>Os direitos de autor e todos os outros direitos relativos aos conte\u00fados, imagens, fotografias ou outros ficheiros deste s\u00edtio Web pertencem exclusivamente \u00e0 associa\u00e7\u00e3o SafeBlood enquanto detentora dos direitos. Para a reprodu\u00e7\u00e3o de quaisquer elementos, \u00e9 necess\u00e1rio obter previamente o consentimento escrito do detentor dos direitos de autor. Al\u00e9m disso, s\u00e3o utilizadas fotografias de stock de fot\u00f3grafos n\u00e3o identificados.<\/p>\n<p>Origem: <a href=\"https:\/\/www.swissanwalt.ch\/\" target=\"_blank\" rel=\"noopener\">SwissAnwalt<\/a> (Swiss lawyers)<\/p>\n<p><strong>Pol\u00edtica de privacidade<br \/>\n<\/strong>Como em qualquer liga\u00e7\u00e3o a um servidor Web, o servidor do nosso fornecedor de alojamento Web Metanet em Zurique, Su\u00ed\u00e7a, regista e armazena determinados dados t\u00e9cnicos. Estes dados incluem o endere\u00e7o IP e o sistema operativo do seu dispositivo, as datas, o tempo de acesso, o tipo de browser e o pedido do browser, incluindo a origem do pedido (referenciador). Estes dados s\u00e3o necess\u00e1rios por raz\u00f5es t\u00e9cnicas para lhe fornecer o nosso s\u00edtio Web. A Metanet protege estes dados com medidas t\u00e9cnicas e organizacionais contra o acesso n\u00e3o autorizado e n\u00e3o os transmite a terceiros. Na medida em que processamos dados pessoais no processo, fazemo-lo com base no nosso interesse em fornecer-lhe a melhor experi\u00eancia de utilizador poss\u00edvel e garantir a seguran\u00e7a e estabilidade dos nossos sistemas.<\/p>\n<p><strong>Com quem partilhamos os seus dados<br \/>\n<\/strong>Se solicitar uma reposi\u00e7\u00e3o da palavra-passe, o seu endere\u00e7o IP ser\u00e1 inclu\u00eddo na mensagem de correio eletr\u00f3nico de reposi\u00e7\u00e3o. N\u00e3o partilhamos os seus dados com ningu\u00e9m, incluindo e especialmente com ag\u00eancias governamentais.<\/p>\n<p><strong>Durante quanto tempo conservamos os seus dados<br \/>\n<\/strong>Para os utilizadores que se registam no nosso s\u00edtio Web, tamb\u00e9m guardamos as informa\u00e7\u00f5es pessoais que fornecem no seu perfil de utilizador. Todos os utilizadores podem ver, editar ou eliminar as suas informa\u00e7\u00f5es pessoais em qualquer altura (exceto que n\u00e3o podem alterar o seu nome de utilizador). Os administradores do s\u00edtio Web tamb\u00e9m podem ver e editar estas informa\u00e7\u00f5es. Conservamos todos estes dados at\u00e9 que o utilizador elimine a sua conta ou termine a sua inscri\u00e7\u00e3o.<\/p>\n<p><strong>Que direitos tem sobre as suas informa\u00e7\u00f5es<br \/>\n<\/strong>Se tiver uma conta neste s\u00edtio Web ou tiver deixado coment\u00e1rios, pode pedir para receber um ficheiro exportado dos dados pessoais que temos sobre si, incluindo quaisquer dados que nos tenha fornecido. Pode tamb\u00e9m solicitar a elimina\u00e7\u00e3o de quaisquer dados pessoais que tenhamos sobre si. Isto n\u00e3o inclui os dados que somos obrigados a reter por raz\u00f5es administrativas, legais ou de seguran\u00e7a.[\/vc_column_text][\/vc_column][\/vc_row]\n","protected":false},"excerpt":{"rendered":"<p>[vc_row type=&#8221;in_container&#8221; full_screen_row_position=&#8221;middle&#8221; column_margin=&#8221;default&#8221; column_direction=&#8221;default&#8221; column_direction_tablet=&#8221;default&#8221; column_direction_phone=&#8221;default&#8221; scene_position=&#8221;center&#8221; text_color=&#8221;dark&#8221; text_align=&#8221;left&#8221; row_border_radius=&#8221;none&#8221; row_border_radius_applies=&#8221;bg&#8221; overlay_strength=&#8221;0.3&#8243; gradient_direction=&#8221;left_to_right&#8221; shape_divider_position=&#8221;bottom&#8221; bg_image_animation=&#8221;none&#8221;][vc_column column_padding=&#8221;no-extra-padding&#8221; column_padding_tablet=&#8221;inherit&#8221; column_padding_phone=&#8221;inherit&#8221; column_padding_position=&#8221;all&#8221; column_element_spacing=&#8221;default&#8221; background_color_opacity=&#8221;1&#8243; background_hover_color_opacity=&#8221;1&#8243; column_shadow=&#8221;none&#8221; column_border_radius=&#8221;none&#8221; column_link_target=&#8221;_self&#8221; gradient_direction=&#8221;left_to_right&#8221; overlay_strength=&#8221;0.3&#8243; width=&#8221;1\/1&#8243; tablet_width_inherit=&#8221;default&#8221;&#8230;<\/p>\n","protected":false},"author":2,"featured_media":0,"parent":0,"menu_order":0,"comment_status":"closed","ping_status":"open","template":"","meta":[],"_links":{"self":[{"href":"https:\/\/safeblood.uk\/pt-pt\/wp-json\/wp\/v2\/pages\/72066"}],"collection":[{"href":"https:\/\/safeblood.uk\/pt-pt\/wp-json\/wp\/v2\/pages"}],"about":[{"href":"https:\/\/safeblood.uk\/pt-pt\/wp-json\/wp\/v2\/types\/page"}],"author":[{"embeddable":true,"href":"https:\/\/safeblood.uk\/pt-pt\/wp-json\/wp\/v2\/users\/2"}],"replies":[{"embeddable":true,"href":"https:\/\/safeblood.uk\/pt-pt\/wp-json\/wp\/v2\/comments?post=72066"}],"version-history":[{"count":6,"href":"https:\/\/safeblood.uk\/pt-pt\/wp-json\/wp\/v2\/pages\/72066\/revisions"}],"predecessor-version":[{"id":81791,"href":"https:\/\/safeblood.uk\/pt-pt\/wp-json\/wp\/v2\/pages\/72066\/revisions\/81791"}],"wp:attachment":[{"href":"https:\/\/safeblood.uk\/pt-pt\/wp-json\/wp\/v2\/media?parent=72066"}],"curies":[{"name":"wp","href":"https:\/\/api.w.org\/{rel}","templated":true}]}}