{"id":71533,"date":"2023-08-11T12:59:23","date_gmt":"2023-08-11T10:59:23","guid":{"rendered":"https:\/\/safeblood.uk\/?page_id=71533"},"modified":"2023-08-11T12:59:23","modified_gmt":"2023-08-11T10:59:23","slug":"edit","status":"publish","type":"page","link":"https:\/\/safeblood.uk\/pt-pt\/edit\/","title":{"rendered":"Edit"},"content":{"rendered":"<h3>Preencha agora todos os campos obrigat\u00f3rios abaixo (aqueles com uma estrela vermelha<span style=\"color: #ff0000;\">*<\/span>). Voc\u00ea n\u00e3o ser\u00e1 um membro at\u00e9 que tenha salvo os dados na parte inferior com &#8220;Salvar entrada&#8221;.<br \/>\nAs inscri\u00e7\u00f5es de membros sem os campos obrigat\u00f3rios preenchidos ser\u00e3o automaticamente exclu\u00eddas pelo sistema ap\u00f3s uma semana.<\/h3>\n<div class=\"error\">Nenhum utilizador est\u00e1 activo para aceder a esta fun\u00e7\u00e3o.<\/div>\n","protected":false},"excerpt":{"rendered":"<p>Preencha agora todos os campos obrigat\u00f3rios abaixo (aqueles com uma estrela vermelha*). Voc\u00ea n\u00e3o ser\u00e1 um membro at\u00e9 que tenha salvo os dados na parte inferior com &#8220;Salvar entrada&#8221;. As&#8230;<\/p>\n","protected":false},"author":2,"featured_media":0,"parent":0,"menu_order":0,"comment_status":"closed","ping_status":"closed","template":"","meta":[],"_links":{"self":[{"href":"https:\/\/safeblood.uk\/pt-pt\/wp-json\/wp\/v2\/pages\/71533"}],"collection":[{"href":"https:\/\/safeblood.uk\/pt-pt\/wp-json\/wp\/v2\/pages"}],"about":[{"href":"https:\/\/safeblood.uk\/pt-pt\/wp-json\/wp\/v2\/types\/page"}],"author":[{"embeddable":true,"href":"https:\/\/safeblood.uk\/pt-pt\/wp-json\/wp\/v2\/users\/2"}],"replies":[{"embeddable":true,"href":"https:\/\/safeblood.uk\/pt-pt\/wp-json\/wp\/v2\/comments?post=71533"}],"version-history":[{"count":1,"href":"https:\/\/safeblood.uk\/pt-pt\/wp-json\/wp\/v2\/pages\/71533\/revisions"}],"predecessor-version":[{"id":71534,"href":"https:\/\/safeblood.uk\/pt-pt\/wp-json\/wp\/v2\/pages\/71533\/revisions\/71534"}],"wp:attachment":[{"href":"https:\/\/safeblood.uk\/pt-pt\/wp-json\/wp\/v2\/media?parent=71533"}],"curies":[{"name":"wp","href":"https:\/\/api.w.org\/{rel}","templated":true}]}}