{"id":74470,"date":"2024-03-06T11:08:16","date_gmt":"2024-03-06T10:08:16","guid":{"rendered":"https:\/\/safeblood.uk\/?page_id=74470"},"modified":"2024-03-06T19:16:29","modified_gmt":"2024-03-06T18:16:29","slug":"carte-de-membre-et-testament-de-vie","status":"publish","type":"page","link":"https:\/\/safeblood.uk\/fr\/carte-de-membre-et-testament-de-vie\/","title":{"rendered":"Carte de membre et testament de vie :"},"content":{"rendered":"[vc_row type=\u00a0\u00bbin_container\u00a0\u00bb full_screen_row_position=\u00a0\u00bbmiddle\u00a0\u00bb column_margin=\u00a0\u00bbdefault\u00a0\u00bb column_direction=\u00a0\u00bbdefault\u00a0\u00bb column_direction_tablet=\u00a0\u00bbdefault\u00a0\u00bb column_direction_phone=\u00a0\u00bbdefault\u00a0\u00bb scene_position=\u00a0\u00bbcenter\u00a0\u00bb text_color=\u00a0\u00bbdark\u00a0\u00bb text_align=\u00a0\u00bbleft\u00a0\u00bb row_border_radius=\u00a0\u00bbnone\u00a0\u00bb row_border_radius_applies=\u00a0\u00bbbg\u00a0\u00bb overlay_strength=\u00a0\u00bb0.3&Prime; gradient_direction=\u00a0\u00bbleft_to_right\u00a0\u00bb shape_divider_position=\u00a0\u00bbbottom\u00a0\u00bb bg_image_animation=\u00a0\u00bbnone\u00a0\u00bb][vc_column column_padding=\u00a0\u00bbno-extra-padding\u00a0\u00bb column_padding_tablet=\u00a0\u00bbinherit\u00a0\u00bb column_padding_phone=\u00a0\u00bbinherit\u00a0\u00bb column_padding_position=\u00a0\u00bball\u00a0\u00bb column_element_spacing=\u00a0\u00bbdefault\u00a0\u00bb background_color_opacity=\u00a0\u00bb1&Prime; background_hover_color_opacity=\u00a0\u00bb1&Prime; column_shadow=\u00a0\u00bbnone\u00a0\u00bb column_border_radius=\u00a0\u00bbnone\u00a0\u00bb column_link_target=\u00a0\u00bb_self\u00a0\u00bb gradient_direction=\u00a0\u00bbleft_to_right\u00a0\u00bb overlay_strength=\u00a0\u00bb0.3&Prime; width=\u00a0\u00bb1\/1&Prime; tablet_width_inherit=\u00a0\u00bbdefault\u00a0\u00bb tablet_text_alignment=\u00a0\u00bbdefault\u00a0\u00bb phone_text_alignment=\u00a0\u00bbdefault\u00a0\u00bb bg_image_animation=\u00a0\u00bbnone\u00a0\u00bb border_type=\u00a0\u00bbsimple\u00a0\u00bb column_border_width=\u00a0\u00bbnone\u00a0\u00bb column_border_style=\u00a0\u00bbsolid\u00a0\u00bb][vc_column_text]\n<h3 class=\"western\"><span style=\"font-family: Roboto, serif;\"><span style=\"font-size: x-large;\">Carte de membre :<\/span><\/span><\/h3>\n<p class=\"western\">Sur cette page, vous trouverez votre <strong>carte de membre<\/strong>, qui sert \u00e9galement de <strong>carte d&rsquo;identit\u00e9 pour votre groupe sanguin<\/strong>. Vous avez saisi vous-m\u00eame les donn\u00e9es qui la composent lors de votre inscription en tant que membre et vous pouvez les adapter (par exemple, les informations d&rsquo;urgence) \u00e0 tout moment dans votre compte (<a href=\"https:\/\/safeblood.net\/fr\/profil-voir-et-modifier-2\/\" target=\"_blank\" rel=\"noopener\">Profil<\/a>). Cette carte d&rsquo;identit\u00e9 contient \u00e9galement <strong>une version abr\u00e9g\u00e9e de votre testament de vie<\/strong>.<br \/>\n<strong>Vous pouvez imprimer la carte<\/strong> d&rsquo;identit\u00e9 ici: bouton \u00ab\u00a0imprimer la carte de membre\u00a0\u00bb), chez vous, au bureau, aupr\u00e8s d&rsquo;un vendeur en ligne ou dans un magasin de photocopies. Sur papier (imprimer, plier et plastifier) ou sur carte plastique.<br \/>\nVous pouvez \u00e9galement l&rsquo;utiliser <strong>sous forme num\u00e9rique<\/strong>, par exemple en la t\u00e9l\u00e9chargeant sur votre smartphone (bouton \u00ab\u00a0enregistrer sous forme d&rsquo;image\u00a0\u00bb) et en la sauvegardant dans votre album photo, votre portefeuille Apple ou autre.<br \/>\nEn outre, vous pouvez <strong>importer votre carte de membre<\/strong> et votre testament de vie via le code d&rsquo;urgence ci-dessous directement <strong>dans les informations d&rsquo;urgence de votre smartphone<\/strong>, que le personnel m\u00e9dical d&rsquo;urgence peut consulter sans avoir \u00e0 d\u00e9verrouiller votre t\u00e9l\u00e9phone.<br \/>\nLe <strong>code QR<\/strong> et le lien au-dessus sont \u00e9galement destin\u00e9s au <strong>personnel m\u00e9dical d&rsquo;urgence<\/strong>. En scannant ce code\/lien, vous acc\u00e9derez directement \u00e0 votre testament de vie et \u00e0 toutes les donn\u00e9es m\u00e9dicales pertinentes, dans une version sp\u00e9ciale r\u00e9serv\u00e9e au personnel m\u00e9dical, qui y trouvera l&rsquo;option de traduire ces donn\u00e9es dans les principales langues du monde en quelques secondes.<br \/>\n<strong>Attention, pour que le code QR fonctionne, vous devez d&rsquo;abord adapter, signer et sauvegarder votre testament de vie. Tant que vous ne l&rsquo;avez pas fait, le code QR renvoie \u00e0 un testament de vie inexistant et g\u00e9n\u00e8re donc un message d&rsquo;erreur.<\/strong><\/p>\n<p class=\"western\"><strong><span style=\"font-family: Roboto, serif;\">(Pour plus d&rsquo;informations sur la carte de membre <\/span><\/strong><strong><a href=\"https:\/\/safeblood.net\/fr\/ufaq\/carte-didentite-de-membre-carte-de-groupe-sanguin\/\" target=\"_blank\" rel=\"noopener\">cliquez ici<\/a>).<\/strong><\/p>\n<h3 class=\"western\"><strong>Testament de vie :<\/strong><\/h3>\n<p class=\"western\">Le bouton \u00ab\u00a0voir le testament de vie\u00a0\u00bb vous permet de <strong>consulter votre testament de vie<\/strong>. Toutefois, avant de pouvoir le faire, vous devez <strong>d&rsquo;abord le modifier et le sauvegarder<\/strong> (bouton \u00a0\u00bb modifier l&rsquo;ordonnance du patient \u00ab\u00a0). Ce bouton vous permet d&rsquo;acc\u00e9der \u00e0 l&rsquo;\u00e9cran d&rsquo;\u00e9dition o\u00f9 <strong>vous pouvez personnaliser la directive<\/strong> \u00e0 votre guise et o\u00f9 la proc\u00e9dure est expliqu\u00e9e.N&rsquo;oubliez pas de l&rsquo;enregistrer.<\/p>\n<p class=\"western\"><strong>(Vous trouverez plus d&rsquo;informations sur le testament de vie <\/strong><strong><a href=\"https:\/\/safeblood.net\/fr\/ufaq\/testament-de-vie-directive-du-patient\/\" target=\"_blank\" rel=\"noopener\">ici<\/a>).<\/strong><\/p>\n<div class=\"members-id\"><h2>Carte de membre et testament de vie :<\/h2><iframe id=\"membercard\" width=\"100%\" style=\"height:6cm;\" src=\"\/fr\/carte-de-membre\/?id=\"><\/iframe><\/div><div class=\"member-prints\"><a href=\"#\" class=\"nectar-button regular   has-icon jumbo regular-button \" onclick=\"document.getElementById('membercard').contentWindow.print();\" ><i class=\"fa fa-print\"><\/i>\nImprimer la carte de membre<\/a> <a href=\"#\" class=\"nectar-button save_as_image regular  has-icon jumbo    regular-button \"><i class=\"fa fa-picture-o\" aria-hidden=\"true\"><\/i>Enregistrer en tant qu'image<\/a> <a href=\"\/fr\/modifier-lordonnance-du-patient\/?code=-\" class=\"nectar-button regular  has-icon jumbo    regular-button \"><i class=\"fa fa-file-text\" aria-hidden=\"true\"><\/i>Modifier les directives anticip\u00e9es du patient<\/a> <a target=\"_blank\" href=\"https:\/\/sbl.onl\/-\" class=\"nectar-button regular   has-icon jumbo  regular-button \"><i class=\"fa fa-eye\" aria-hidden=\"true\"><\/i>Voir les directives anticip\u00e9es<\/a><\/div>\n<script src=\"https:\/\/safeblood.uk\/wp-content\/plugins\/save-my-frame-as-screenshot\/html2canvas.min.js\" ><\/script>\n\t<script>\n\t\t\njQuery(\".save_as_image\").click(function(){\n\t\n                                \n                                if (jQuery(window).width() > 1000) {\n                                        document.getElementById(\"membercard\").width = \"50%\";\n                                }\n                        \n                               html2canvas(jQuery(\"#membercard\").contents().find('.both-sides')[0],{\n  width: 325,\n  height: 412\n}).then(canvas => {\n                                                                                   document.querySelector(\".image-content\").style.display =\"none\";\n            document.querySelector(\".image-content\").appendChild(canvas);\n                                                                                  return canvas;\n                                                                                  \n                                                            \n\n                       \n                                                        \n                                                                                  }).then(canvas => {\n                                                                                      const image = canvas.toDataURL('image\/png').replace('image\/png', 'image\/octet-stream')\n                                                                                      const a = document.createElement('a')\n                                                                                      a.setAttribute('download', 'safeblood-membercard.png')\n                                                                                      a.setAttribute('href', image)\n                                                                                      a.click()\n                                                                                      canvas.remove()\n                                                                                          document.getElementById(\"membercard\").width = \"100%\";\n                                                                                  })\n                               \n                               \n                               ;});\n\t\t\n<\/script>\n<div class=\"image-content\"><\/div>\n\n\n<hr \/>\n<h3 class=\"western\"><strong><span style=\"font-family: Cabin, serif;\"><span style=\"font-size: x-large;\">Informations d&rsquo;urgence :<\/span><\/span><\/strong><\/h3>\n<p class=\"western\">Configurez les informations d&rsquo;urgence sur votre t\u00e9l\u00e9phone avec le code suivant, mais seulement apr\u00e8s avoir personnalis\u00e9 et sauvegard\u00e9 le testament de vie. Copiez ce code dans votre application m\u00e9dicale &#8211; une photo d&rsquo;exemple montrant comment et o\u00f9 ins\u00e9rer le code se trouve au bas de cette page :<br \/>\n\n<p class=\"western\"><strong>(Pour plus d&rsquo;informations sur les informations d&rsquo;urgence, <\/strong><strong><a href=\"https:\/\/safeblood.net\/fr\/ufaq\/informations-durgence-code-qr-lien\/\" target=\"_blank\" rel=\"noopener\">cliquez ici<\/a>).<\/strong><\/p>\n<p>Pour <a href=\"https:\/\/support.google.com\/android\/answer\/9319337?hl=en\" target=\"_blank\" rel=\"noopener\">Android<\/a><br \/>\nPour <a href=\"https:\/\/support.apple.com\/en-us\/HT207021\" target=\"_blank\" rel=\"noopener\">iPhone<\/a><\/p>\n<p class=\"western\">Vous pouvez voir ici o\u00f9 vous pouvez coller le code et ce que vous pouvez ajouter si vous le souhaitez.<\/p>\n<p><a href=\"https:\/\/safeblood.uk\/wp-content\/uploads\/2023\/11\/medical-info-example.jpg\"><img loading=\"lazy\" class=\"aligncenter size-large wp-image-73141\" src=\"https:\/\/safeblood.uk\/wp-content\/uploads\/2023\/11\/medical-info-example-576x1024.jpg\" alt=\"\" width=\"576\" height=\"1024\" srcset=\"https:\/\/safeblood.uk\/wp-content\/uploads\/2023\/11\/medical-info-example-576x1024.jpg 576w, https:\/\/safeblood.uk\/wp-content\/uploads\/2023\/11\/medical-info-example-169x300.jpg 169w, https:\/\/safeblood.uk\/wp-content\/uploads\/2023\/11\/medical-info-example.jpg 750w\" sizes=\"(max-width: 576px) 100vw, 576px\" \/><\/a>[\/vc_column_text][\/vc_column][\/vc_row]\n","protected":false},"excerpt":{"rendered":"<p>[vc_row type=\u00a0\u00bbin_container\u00a0\u00bb full_screen_row_position=\u00a0\u00bbmiddle\u00a0\u00bb column_margin=\u00a0\u00bbdefault\u00a0\u00bb column_direction=\u00a0\u00bbdefault\u00a0\u00bb column_direction_tablet=\u00a0\u00bbdefault\u00a0\u00bb column_direction_phone=\u00a0\u00bbdefault\u00a0\u00bb scene_position=\u00a0\u00bbcenter\u00a0\u00bb text_color=\u00a0\u00bbdark\u00a0\u00bb text_align=\u00a0\u00bbleft\u00a0\u00bb row_border_radius=\u00a0\u00bbnone\u00a0\u00bb row_border_radius_applies=\u00a0\u00bbbg\u00a0\u00bb overlay_strength=\u00a0\u00bb0.3&Prime; gradient_direction=\u00a0\u00bbleft_to_right\u00a0\u00bb shape_divider_position=\u00a0\u00bbbottom\u00a0\u00bb bg_image_animation=\u00a0\u00bbnone\u00a0\u00bb][vc_column column_padding=\u00a0\u00bbno-extra-padding\u00a0\u00bb column_padding_tablet=\u00a0\u00bbinherit\u00a0\u00bb column_padding_phone=\u00a0\u00bbinherit\u00a0\u00bb column_padding_position=\u00a0\u00bball\u00a0\u00bb column_element_spacing=\u00a0\u00bbdefault\u00a0\u00bb background_color_opacity=\u00a0\u00bb1&Prime; background_hover_color_opacity=\u00a0\u00bb1&Prime; column_shadow=\u00a0\u00bbnone\u00a0\u00bb column_border_radius=\u00a0\u00bbnone\u00a0\u00bb column_link_target=\u00a0\u00bb_self\u00a0\u00bb gradient_direction=\u00a0\u00bbleft_to_right\u00a0\u00bb overlay_strength=\u00a0\u00bb0.3&Prime; width=\u00a0\u00bb1\/1&Prime; tablet_width_inherit=\u00a0\u00bbdefault\u00a0\u00bb&#8230;<\/p>\n","protected":false},"author":2,"featured_media":0,"parent":0,"menu_order":0,"comment_status":"closed","ping_status":"closed","template":"","meta":[],"_links":{"self":[{"href":"https:\/\/safeblood.uk\/fr\/wp-json\/wp\/v2\/pages\/74470"}],"collection":[{"href":"https:\/\/safeblood.uk\/fr\/wp-json\/wp\/v2\/pages"}],"about":[{"href":"https:\/\/safeblood.uk\/fr\/wp-json\/wp\/v2\/types\/page"}],"author":[{"embeddable":true,"href":"https:\/\/safeblood.uk\/fr\/wp-json\/wp\/v2\/users\/2"}],"replies":[{"embeddable":true,"href":"https:\/\/safeblood.uk\/fr\/wp-json\/wp\/v2\/comments?post=74470"}],"version-history":[{"count":3,"href":"https:\/\/safeblood.uk\/fr\/wp-json\/wp\/v2\/pages\/74470\/revisions"}],"predecessor-version":[{"id":74501,"href":"https:\/\/safeblood.uk\/fr\/wp-json\/wp\/v2\/pages\/74470\/revisions\/74501"}],"wp:attachment":[{"href":"https:\/\/safeblood.uk\/fr\/wp-json\/wp\/v2\/media?parent=74470"}],"curies":[{"name":"wp","href":"https:\/\/api.w.org\/{rel}","templated":true}]}}