{"id":75635,"date":"2024-05-05T15:13:46","date_gmt":"2024-05-05T13:13:46","guid":{"rendered":"https:\/\/safeblood.uk\/?page_id=75635"},"modified":"2026-02-23T17:32:47","modified_gmt":"2026-02-23T16:32:47","slug":"sobre-nosotros","status":"publish","type":"page","link":"https:\/\/safeblood.uk\/es\/sobre-nosotros\/","title":{"rendered":"Sobre nosotros \u2013 Aviso legal + privacidad"},"content":{"rendered":"[vc_row type=\u00bbin_container\u00bb full_screen_row_position=\u00bbmiddle\u00bb column_margin=\u00bbdefault\u00bb column_direction=\u00bbdefault\u00bb column_direction_tablet=\u00bbdefault\u00bb column_direction_phone=\u00bbdefault\u00bb scene_position=\u00bbcenter\u00bb text_color=\u00bbdark\u00bb text_align=\u00bbleft\u00bb row_border_radius=\u00bbnone\u00bb row_border_radius_applies=\u00bbbg\u00bb overlay_strength=\u00bb0.3&#8243; gradient_direction=\u00bbleft_to_right\u00bb shape_divider_position=\u00bbbottom\u00bb bg_image_animation=\u00bbnone\u00bb][vc_column column_padding=\u00bbno-extra-padding\u00bb column_padding_tablet=\u00bbinherit\u00bb column_padding_phone=\u00bbinherit\u00bb column_padding_position=\u00bball\u00bb column_element_spacing=\u00bbdefault\u00bb background_color_opacity=\u00bb1&#8243; background_hover_color_opacity=\u00bb1&#8243; column_shadow=\u00bbnone\u00bb column_border_radius=\u00bbnone\u00bb column_link_target=\u00bb_self\u00bb gradient_direction=\u00bbleft_to_right\u00bb overlay_strength=\u00bb0.3&#8243; width=\u00bb1\/1&#8243; tablet_width_inherit=\u00bbdefault\u00bb tablet_text_alignment=\u00bbdefault\u00bb phone_text_alignment=\u00bbdefault\u00bb bg_image_animation=\u00bbnone\u00bb border_type=\u00bbsimple\u00bb column_border_width=\u00bbnone\u00bb column_border_style=\u00bbsolid\u00bb][vc_column_text]\n<h3><strong>Sobre nosotros &#8211; Aviso legal + privacidad\u00a0\u00a0\u00a0 \u00a0\u00a0\u00a0\u00a0\u00a0\u00a0\u00a0\u00a0\u00a0\u00a0\u00a0\u00a0\u00a0<\/strong><\/h3>\n<p>SafeBlood Donation es una asociaci\u00f3n sin \u00e1nimo de lucro registrada con sede en Z\u00farich.<br \/>\nLos estatutos actuales se pueden descargar <a href=\"https:\/\/safeblood.uk\/wp-content\/uploads\/2023\/06\/statutes-safeblood.pdf\" target=\"_blank\" rel=\"noopener\">aqu\u00ed<\/a> (por ahora s\u00f3lo en ingl\u00e9s)<br \/>\nLa direcci\u00f3n comercial es Ankenweid 29, 8041 Z\u00farich, Suiza.<br \/>\nCorreo electr\u00f3nico: <a href=\"mailto:info@safeblood.ch\" target=\"_blank\" rel=\"noopener\">info@safeblood.ch<\/a><br \/>\nTel. +41 79 55 99 079<br \/>\nDirector gerente SafeBlood internacional: Georg Della Pietra &#8211; <a href=\"mailto:george@safeblood.net\" target=\"_blank\" rel=\"noopener\">george@safeblood.net<\/a><br \/>\nSecretar\u00eda: Kay &#8211; <a href=\"mailto:kay@safeblood.ch\">kay@safeblood.ch<\/a><\/p>\n<p>Nuestra direcci\u00f3n web es: <a href=\"https:\/\/safeblood.net\" target=\"_blank\" rel=\"noopener\">https:\/\/safeblood.net<\/a> o <a href=\"https:\/\/safeblood.international\" target=\"_blank\" rel=\"noopener\">https:\/\/safeblood.international<\/a><\/p>\n<p>Sitio hermano: <a href=\"https:\/\/safereproduction.net\/\" target=\"_blank\" rel=\"noopener\">safereproduction.net<\/a><\/p>\n<p>El sitio web de SafeBlood USA (SafeBlood, Inc) es <a href=\"https:\/\/safeblood.com\/\" target=\"_blank\" rel=\"noopener\">safeblood.com<\/a><br \/>\nNuestra oficina para SafeBlood Donation USA se puede contactar en<br \/>\n<a href=\"mailto:info@safeblood.com\" target=\"_blank\" rel=\"noopener\">info@safeblood.com<\/a><br \/>\nL\u00edder de equipo: Demitra<br \/>\nTel\u00e9fono: 1-800-925-6120 (no para casos de emergencia)<\/p>\n<p>Nuestra oficina para SafeBlood Donation Africa se puede contactar en <a href=\"mailto:kay@safeblood.africa\">kay@safeblood.africa<\/a>.<br \/>\nL\u00edder de equipo: Kabaso Kapema<br \/>\nTel. +41 79 55 99 079<\/p>\n<p><strong>EUROPA:<\/strong><\/p>\n<p>Sitio web para Alemania:\u00a0 \u00a0 \u00a0 \u00a0 <a href=\"https:\/\/safeblood.de\/en\/\" target=\"_blank\" rel=\"noopener\">safeblood.de<\/a><br \/>\nP\u00e1gina de pa\u00eds de Safeblood para Alemania: <a href=\"https:\/\/safeblood.de\/location\/news-aus-den-laendern\/deutschland\/\" target=\"_blank\" rel=\"noopener\">Germany<\/a><\/p>\n<p>Sitio web para Austria:\u00a0 \u00a0\u00a0 \u00a0\u00a0 \u00a0 \u00a0\u00a0<a href=\"https:\/\/safeblood.at\/en\/\" target=\"_blank\" rel=\"noopener\">safeblood.at<\/a><\/p>\n<p>Sitio web para B\u00e9lgica:\u00a0 \u00a0 \u00a0 \u00a0 \u00a0 \u00a0 <a href=\"http:\/\/safeblood.be\/en\/\" target=\"_blank\" rel=\"noopener\">safeblood.be<\/a><\/p>\n<p>Sitio web para Rep\u00fablica Checa: <a href=\"https:\/\/safeblood.cz\/en\/\" target=\"_blank\" rel=\"noopener\">safeblood.cz<\/a><\/p>\n<p>Sitio web para Dinamarca:\u00a0 \u00a0 \u00a0<a href=\"https:\/\/safeblood.dk\/en\/\" target=\"_blank\" rel=\"noopener\">safeblood.dk<\/a><br \/>\nP\u00e1gina de pa\u00eds de Safeblood para Dinamarca: <a href=\"https:\/\/safeblood.dk\/da\/location\/denmark\/\" target=\"_blank\" rel=\"noopener\">Denmark<\/a><\/p>\n<p>Sitio web para Eslovaquia: \u00a0\u00a0 \u00a0 <a href=\"https:\/\/safeblood.sk\" target=\"_blank\" rel=\"noopener\">safeblood.sk<\/a><\/p>\n<p>Sitio web para Espa\u00f1a:\u00a0 \u00a0 \u00a0 \u00a0 \u00a0 \u00a0 <a href=\"https:\/\/safeblood.es\/en\/\" target=\"_blank\" rel=\"noopener\">safeblood.es<\/a><br \/>\nP\u00e1gina de pa\u00eds de Safeblood para Espa\u00f1a: <a href=\"https:\/\/safeblood.net\/en\/location\/news-from-the-countries\/spain\/\" target=\"_blank\" rel=\"noopener\">Spain<\/a><\/p>\n<p>Sitio web para Finlandia:\u00a0 \u00a0 \u00a0 \u00a0 <a href=\"https:\/\/safeblood.fi\/en\/\" target=\"_blank\" rel=\"noopener\">safeblood.fi<\/a><br \/>\nP\u00e1gina de pa\u00eds de Safeblood para Finlandia:\u00a0<a href=\"https:\/\/safeblood.fi\/en\/location\/news-from-the-countries\/finland\/\" target=\"_blank\" rel=\"noopener\">Finland<\/a><\/p>\n<p>Sitio web para Francia: \u00a0\u00a0 \u00a0\u00a0 \u00a0\u00a0 \u00a0 <a href=\"https:\/\/safeblood.fr\/en\/\" target=\"_blank\" rel=\"noopener\">safeblood.fr<\/a><br \/>\nP\u00e1gina de pa\u00eds de Safeblood para Francia:\u00a0<a href=\"https:\/\/safeblood.net\/en\/location\/news-from-the-countries\/france\/\" target=\"_blank\" rel=\"noopener\">France<\/a><\/p>\n<p>Sitio web para Italia:\u00a0 \u00a0 \u00a0 \u00a0 \u00a0 \u00a0 \u00a0 \u00a0 \u00a0<a href=\"https:\/\/safeblood.it\/en\/\" target=\"_blank\" rel=\"noopener\">safeblood.it<\/a><br \/>\nP\u00e1gina de pa\u00eds de Safeblood para Italia:\u00a0<a href=\"https:\/\/safeblood.it\/en\/location\/news-from-the-countries\/italy\/\" target=\"_blank\" rel=\"noopener\">Italy<\/a><\/p>\n<p>Sitio web para Luxemburgo:\u00a0 \u00a0<a href=\"https:\/\/safeblood.lu\/en\/\" target=\"_blank\" rel=\"noopener\">safeblood.lu<\/a><\/p>\n<p>Sitio web para Montenegro:\u00a0 \u00a0 <a href=\"https:\/\/safeblood.me\/en\/\" target=\"_blank\" rel=\"noopener\">safeblood.me<\/a><\/p>\n<p>P\u00e1gina de pa\u00eds de Safeblood para Noruega: <a href=\"https:\/\/safeblood.net\/en\/location\/news-from-the-countries\/norway\/\" target=\"_blank\" rel=\"noopener\">Norway<\/a><\/p>\n<p>Sitio web para los Pa\u00edses Bajos: <a href=\"https:\/\/safeblood.nl\/en\/\" target=\"_blank\" rel=\"noopener\">safeblood.nl<\/a><br \/>\nP\u00e1gina de pa\u00eds de Safeblood para los Pa\u00edses Bajos:\u00a0<a href=\"https:\/\/safeblood.nl\/nl\/location\/nieuws-uit-de-landen\/nederland\/\" target=\"_blank\" rel=\"noopener\">the Netherlands<\/a><\/p>\n<p>Sitio web para Polonia:\u00a0 \u00a0 \u00a0 \u00a0 \u00a0 \u00a0\u00a0<a href=\"https:\/\/safeblood.pl\/en\/\" target=\"_blank\" rel=\"noopener\">safeblood.pl<\/a><\/p>\n<p>Sitio web para Portugal:\u00a0 \u00a0 \u00a0 \u00a0 \u00a0 <a href=\"https:\/\/safeblood.pt\/en\/\" target=\"_blank\" rel=\"noopener\">safeblood.pt<\/a><br \/>\nP\u00e1gina de pa\u00eds de Safeblood para Portugal:\u00a0<a href=\"https:\/\/safeblood.pt\/en\/location\/news-from-the-countries\/portugal\/\" target=\"_blank\" rel=\"noopener\">Portugal<\/a><\/p>\n<p>Sitio web para el Reino Unido: <a href=\"http:\/\/safeblood.uk\/en\/\" target=\"_blank\" rel=\"noopener\">safeblood.uk<\/a><br \/>\nP\u00e1gina de pa\u00eds de Safeblood para el Reino Unido e Irlanda:\u00a0 <a href=\"https:\/\/safeblood.uk\/en\/location\/news-from-the-countries\/united-kingdom\/\" target=\"_blank\" rel=\"noopener\">UK und Ireland<\/a><\/p>\n<p>Sitio web para Rumania:\u00a0 \u00a0 \u00a0 \u00a0 \u00a0 <a href=\"https:\/\/safeblood.ro\/en\/\" target=\"_blank\" rel=\"noopener\">safeblood.ro<\/a><\/p>\n<p>Sitio web para Serbia:\u00a0 \u00a0 \u00a0 \u00a0 \u00a0 \u00a0 \u00a0\u00a0 <a href=\"https:\/\/safeblood.rs\/en\/\" target=\"_blank\" rel=\"noopener\">safeblood.rs<\/a><br \/>\nP\u00e1gina de pa\u00eds de Safeblood para Serbia:\u00a0<a href=\"https:\/\/safeblood.rs\/en\/location\/news-from-the-countries\/serbia\/\" target=\"_blank\" rel=\"noopener\">Serbia<\/a><\/p>\n<p>Sitio web para Suecia:\u00a0 \u00a0 \u00a0 \u00a0 \u00a0 \u00a0 \u00a0\u00a0 <a href=\"https:\/\/safeblood.se\/en\/\" target=\"_blank\" rel=\"noopener\">safeblood.se<\/a><br \/>\nP\u00e1gina de pa\u00eds de Safeblood para Suecia: <a href=\"https:\/\/safeblood.se\/en\/location\/news-from-the-countries\/sweden\/\" target=\"_blank\" rel=\"noopener\">Sweden<\/a><\/p>\n<p>Sitio web para Suiza:\u00a0 \u00a0 \u00a0 \u00a0 \u00a0 \u00a0 \u00a0 \u00a0\u00a0 <a href=\"https:\/\/safeblood.uk\/en\/\" target=\"_blank\" rel=\"noopener\">safeblood.ch<\/a><br \/>\nP\u00e1gina de pa\u00eds de Safeblood para Suiza (parte alemana): <a href=\"https:\/\/safeblood.uk\/location\/noticias-de-los-paises\/schweiz\/\" target=\"_blank\" rel=\"noopener\">Schweiz<\/a><br \/>\nP\u00e1gina de pa\u00eds de Safeblood para Suiza (parte francesa):\u00a0 <a href=\"https:\/\/safeblood.uk\/en\/location\/news-from-the-countries\/suisse-romande-en\/\" target=\"_blank\" rel=\"noopener\">Suisse<\/a><br \/>\nP\u00e1gina de pa\u00eds de Safeblood para Suiza (parte italiana):\u00a0 \u00a0<a href=\"https:\/\/safeblood.uk\/it\/location\/news-from-the-countries\/svizzera-italiana-en\/\" target=\"_blank\" rel=\"noopener\">Svizzera<\/a><\/p>\n<p><strong>AM\u00c9RICAS<\/strong><\/p>\n<p>Sitio web para Canad\u00e1:\u00a0 \u00a0 \u00a0 \u00a0 \u00a0 <a href=\"https:\/\/safeblood.ca\/en\/\" target=\"_blank\" rel=\"noopener\">safeblood.ca<\/a><br \/>\nP\u00e1gina de pa\u00eds de Safeblood para Canad\u00e1:\u00a0<a href=\"https:\/\/safeblood.ca\/en\/location\/news-from-the-countries\/canada\/\" target=\"_blank\" rel=\"noopener\">Canada<\/a><\/p>\n<p>Sitio web para M\u00e9xico:\u00a0 \u00a0 \u00a0 \u00a0 \u00a0 \u00a0<a href=\"https:\/\/safeblood.mx\/en\/\" target=\"_blank\" rel=\"noopener\">safeblood.mx<\/a><br \/>\nP\u00e1gina de pa\u00eds de Safeblood para M\u00e9xico: <a href=\"https:\/\/safeblood.mx\/en\/location\/news-from-the-countries\/mexico\/\" target=\"_blank\" rel=\"noopener\">Mexico<\/a><\/p>\n<p>Sitio web para EE. UU .: <a href=\"https:\/\/safeblood.com\/\" target=\"_blank\" rel=\"noopener\">safeblood.com<\/a> y <a href=\"https:\/\/safeblood.us\/en\/\" target=\"_blank\" rel=\"noopener\">safeblood.us<\/a><br \/>\nP\u00e1gina de pa\u00eds de Safeblood para EE. UU.: <a href=\"https:\/\/safeblood.net\/en\/location\/news-from-the-countries\/usa\/\" target=\"_blank\" rel=\"noopener\">USA<\/a><\/p>\n<p><strong>AUSTRALIA\/OCEAN\u00cdA<\/strong><\/p>\n<p>Sitio web para Australia:\u00a0 \u00a0 \u00a0 \u00a0 \u00a0 \u00a0\u00a0<a href=\"https:\/\/safeblood.au\/en\/\" target=\"_blank\" rel=\"noopener\">safeblood.au<\/a><br \/>\nP\u00e1gina de pa\u00eds de Safeblood para Australia: <a href=\"https:\/\/safeblood.uk\/en\/location\/news-from-the-countries\/australia\/\" target=\"_blank\" rel=\"noopener\">Australia<\/a><\/p>\n<p>Sitio web para Nueva Zelanda: <a href=\"https:\/\/safeblood.nz\/en\/\" target=\"_blank\" rel=\"noopener\">safeblood.nz<\/a><br \/>\nP\u00e1gina de pa\u00eds de Safeblood para Nueva Zelanda: <a href=\"https:\/\/safeblood.nz\/en\/location\/news-from-the-countries\/new-zealand\/\" target=\"_blank\" rel=\"noopener\">New Zealand<\/a><\/p>\n<p><strong>\u00c1FRICA<\/strong><\/p>\n<p>Sitio web para \u00c1frica:\u00a0 \u00a0 \u00a0 \u00a0 \u00a0 \u00a0 \u00a0 \u00a0 \u00a0\u00a0<a href=\"http:\/\/safeblood.africa\/en\/\" target=\"_blank\" rel=\"noopener\">safeblood.africa<\/a><br \/>\nP\u00e1gina de pa\u00eds de Safeblood para \u00c1frica: <a href=\"https:\/\/safeblood.africa\/en\/location\/news-from-the-countries\/africa\/\" target=\"_blank\" rel=\"noopener\">Africa<\/a><\/p>\n<p><strong>ASIA<\/strong><\/p>\n<p>Sitio web para Asia:\u00a0 \u00a0 \u00a0 \u00a0 \u00a0 \u00a0 \u00a0 \u00a0 \u00a0 \u00a0<a href=\"https:\/\/safeblood.asia\/en\/\" target=\"_blank\" rel=\"noopener\">safeblood.asia<\/a><\/p>\n<p>Sitio web para China:\u00a0 \u00a0 \u00a0 \u00a0 \u00a0 \u00a0 \u00a0 \u00a0 <a href=\"https:\/\/safeblood.cn\/en\/\" target=\"_blank\" rel=\"noopener\">safeblood.cn<\/a><\/p>\n<p>Sitio web para India:\u00a0 \u00a0 \u00a0 \u00a0 \u00a0 \u00a0 \u00a0 \u00a0 \u00a0<a href=\"https:\/\/safeblood.in\/en\/\" target=\"_blank\" rel=\"noopener\">safeblood.in<\/a><\/p>\n<p>Sitio web para Jap\u00f3n:\u00a0 \u00a0 \u00a0 \u00a0 \u00a0 \u00a0 \u00a0 \u00a0<a href=\"https:\/\/safeblood.jp\/en\/\" target=\"_blank\" rel=\"noopener\">safeblood.jp<\/a><\/p>\n<p>Sitio web para Filipinas:\u00a0 \u00a0 \u00a0 \u00a0 \u00a0 \u00a0<a href=\"https:\/\/safeblood.ph\/en\/\" target=\"_blank\" rel=\"noopener\">safeblood.ph<\/a><br \/>\nP\u00e1gina de pa\u00eds de Safeblood para Filipinas: <a href=\"https:\/\/safeblood.ph\/en\/location\/news-from-the-countries\/philippines\/\" target=\"_blank\" rel=\"noopener\">Philippines<\/a><\/p>\n<p>Sitios web para Tailandia: <a href=\"http:\/\/safeblood.in.th\/en\/\" target=\"_blank\" rel=\"noopener\">safeblood.in.th<\/a>\u00a0+ <a href=\"http:\/\/safeblood.in.th\/en\/\" target=\"_blank\" rel=\"noopener\">\u0e40\u0e25\u0e37\u0e2d\u0e14\u0e17\u0e35\u0e48\u0e1b\u0e25\u0e2d\u0e14\u0e20\u0e31\u0e22.TH<\/a> + <a href=\"http:\/\/safeblood.in.th\/en\/\" target=\"_blank\" rel=\"noopener\">\u0e40\u0e25\u0e37\u0e2d\u0e14\u0e17\u0e35\u0e48\u0e1b\u0e25\u0e2d\u0e14\u0e20\u0e31\u0e22.\u0e44\u0e17\u0e22<\/a><br \/>\nP\u00e1gina de pa\u00eds de Safeblood para Tailandia: <a href=\"https:\/\/safeblood.in.th\/en\/location\/news-from-the-countries\/thailand\/\" target=\"_blank\" rel=\"noopener\">Thailand<\/a><\/p>\n<p><strong>Todos los dem\u00e1s pa\u00edses: <\/strong>\u00a0<a href=\"https:\/\/safeblood.net\/en\/\" target=\"_blank\" rel=\"noopener\">safeblood.net<\/a><\/p>\n<p><a href=\"https:\/\/safeblood.us\/en\/contact\/\" target=\"_blank\" rel=\"noopener\">Aqu\u00ed<\/a> encontrar\u00e1 enlaces a nuestros <strong>canales de Telegram<\/strong>.<\/p>\n<p>Dise\u00f1o web, contenido y mantenimiento:<br \/>\nGeorg Della Pietra<br \/>\n(con la ayuda de algunos brownies an\u00f3nimos &#8211; \u00a1muchas gracias aqu\u00ed!)<\/p>\n<p class=\"p1\"><b>AVISO LEGAL:<\/b><\/p>\n<p class=\"p1\"><b>SAFE BLOOD DONATION NO PROPORCIONA CONSEJOS M\u00c9DICOS.<\/b><\/p>\n<p class=\"p1\">La informaci\u00f3n, incluyendo pero no limit\u00e1ndose a, texto, gr\u00e1ficos, im\u00e1genes y otros materiales publicados o transmitidos por Safe Blood Donation y sus afiliados, directores, funcionarios, gerentes, empleados u otros representantes, es solo para fines informativos. Ning\u00fan material est\u00e1 destinado a ser un sustituto del consejo, diagn\u00f3stico o tratamiento m\u00e9dico profesional. Siempre busque el consejo de su proveedor de atenci\u00f3n m\u00e9dica de confianza con cualquier pregunta que pueda tener con respecto a una condici\u00f3n m\u00e9dica o tratamiento y antes de iniciar un nuevo r\u00e9gimen de atenci\u00f3n m\u00e9dica, y nunca ignore el consejo m\u00e9dico profesional ni retrase su b\u00fasqueda debido a algo que haya le\u00eddo o visto en cualquier publicaci\u00f3n o transmisi\u00f3n de Safe Blood Donation.<\/p>\n<p><strong>Descargo de responsabilidad<br \/>\n<\/strong>El autor se reserva el derecho de no ser responsable de la actualidad, correcci\u00f3n, integridad o calidad de la informaci\u00f3n proporcionada. Por lo tanto, se rechazar\u00e1n las reclamaciones de responsabilidad con respecto a da\u00f1os causados por el uso de cualquier informaci\u00f3n proporcionada, incluida cualquier tipo de informaci\u00f3n que sea incompleta o incorrecta. Todas las ofertas son no vinculantes. El autor se reserva el derecho de ampliar, cambiar o eliminar partes de las p\u00e1ginas o la publicaci\u00f3n completa, incluidas todas las ofertas e informaci\u00f3n, sin previo aviso.<\/p>\n<p><strong>Descargo de responsabilidad para enlaces<br \/>\n<\/strong>Las referencias y enlaces a sitios web de terceros est\u00e1n fuera de nuestra responsabilidad. Se declina cualquier responsabilidad por dichos sitios web. El acceso y uso de dichos sitios web corren por cuenta y riesgo del usuario respectivo.<\/p>\n<p><strong>Derechos de autor<br \/>\n<\/strong>Los derechos de autor y todos los dem\u00e1s derechos sobre contenido, im\u00e1genes, fotos u otros archivos en este sitio web pertenecen exclusivamente a la asociaci\u00f3n SafeBlood como titular de los derechos. Para la reproducci\u00f3n de cualquier elemento, se debe obtener el consentimiento por escrito del titular de los derechos de autor con antelaci\u00f3n. Adem\u00e1s, se utilizan fotos de archivo de fot\u00f3grafos no identificados.<\/p>\n<p>Fuente: <a href=\"https:\/\/www.swissanwalt.ch\/\" target=\"_blank\" rel=\"noopener\">SwissAnwalt<\/a> (abogados suizos)<\/p>\n<p><strong>Pol\u00edtica de privacidad<br \/>\n<\/strong>Al igual que con cualquier conexi\u00f3n a un servidor web, el servidor de nuestro proveedor de alojamiento web Metanet en Z\u00farich, Suiza, registra y almacena ciertos datos t\u00e9cnicos. Estos datos incluyen la direcci\u00f3n IP y el sistema operativo de su dispositivo, las fechas, la hora de acceso, el tipo de navegador y la solicitud del navegador, incluido el origen de la solicitud (referrer). Esto es necesario por razones t\u00e9cnicas para proporcionarle nuestro sitio web. Metanet protege estos datos con medidas t\u00e9cnicas y organizativas contra el acceso no autorizado y no los divulga a terceros. En la medida en que procesamos datos personales en el proceso, lo hacemos en base a nuestro inter\u00e9s en brindarle la mejor experiencia de usuario posible y garantizar la seguridad y estabilidad de nuestros sistemas.<\/p>\n<p><strong>Con qui\u00e9n compartimos sus datos<br \/>\n<\/strong>Si solicita un restablecimiento de contrase\u00f1a, su direcci\u00f3n IP se incluir\u00e1 en el correo electr\u00f3nico de restablecimiento. No compartimos sus datos con nadie, incluidas y especialmente las agencias gubernamentales.<\/p>\n<p><strong>Cu\u00e1nto tiempo conservamos sus datos<br \/>\n<\/strong>Para los usuarios que se registran en nuestro sitio web, tambi\u00e9n almacenamos la informaci\u00f3n personal que proporcionan en su perfil de usuario. Todos los usuarios pueden ver, editar o eliminar su informaci\u00f3n personal en cualquier momento (excepto que no pueden cambiar su nombre de usuario). Los administradores del sitio web tambi\u00e9n pueden ver y editar esta informaci\u00f3n. Conservamos todos estos datos hasta que elimine su cuenta o finalice su membres\u00eda.<\/p>\n<p><strong>Qu\u00e9 derechos tiene sobre su informaci\u00f3n<br \/>\n<\/strong>Si tienes una cuenta en este sitio web o has dejado comentarios, puedes solicitar a recibir un archivo exportado de los datos personales que tenemos sobre usted, incluidos los datos que nos has proporcionado. Tambi\u00e9n puedes solicitar que eliminemos cualquier dato personal que tengamos sobre usted. Esto no incluye datos que estemos obligados a conservar por razones administrativas, legales o de seguridad.[\/vc_column_text][\/vc_column][\/vc_row]\n","protected":false},"excerpt":{"rendered":"<p>[vc_row type=\u00bbin_container\u00bb full_screen_row_position=\u00bbmiddle\u00bb column_margin=\u00bbdefault\u00bb column_direction=\u00bbdefault\u00bb column_direction_tablet=\u00bbdefault\u00bb column_direction_phone=\u00bbdefault\u00bb scene_position=\u00bbcenter\u00bb text_color=\u00bbdark\u00bb text_align=\u00bbleft\u00bb row_border_radius=\u00bbnone\u00bb row_border_radius_applies=\u00bbbg\u00bb overlay_strength=\u00bb0.3&#8243; gradient_direction=\u00bbleft_to_right\u00bb shape_divider_position=\u00bbbottom\u00bb bg_image_animation=\u00bbnone\u00bb][vc_column column_padding=\u00bbno-extra-padding\u00bb column_padding_tablet=\u00bbinherit\u00bb column_padding_phone=\u00bbinherit\u00bb column_padding_position=\u00bball\u00bb column_element_spacing=\u00bbdefault\u00bb background_color_opacity=\u00bb1&#8243; background_hover_color_opacity=\u00bb1&#8243; column_shadow=\u00bbnone\u00bb column_border_radius=\u00bbnone\u00bb column_link_target=\u00bb_self\u00bb gradient_direction=\u00bbleft_to_right\u00bb overlay_strength=\u00bb0.3&#8243; width=\u00bb1\/1&#8243; tablet_width_inherit=\u00bbdefault\u00bb&#8230;<\/p>\n","protected":false},"author":2,"featured_media":0,"parent":0,"menu_order":0,"comment_status":"closed","ping_status":"open","template":"","meta":[],"_links":{"self":[{"href":"https:\/\/safeblood.uk\/es\/wp-json\/wp\/v2\/pages\/75635"}],"collection":[{"href":"https:\/\/safeblood.uk\/es\/wp-json\/wp\/v2\/pages"}],"about":[{"href":"https:\/\/safeblood.uk\/es\/wp-json\/wp\/v2\/types\/page"}],"author":[{"embeddable":true,"href":"https:\/\/safeblood.uk\/es\/wp-json\/wp\/v2\/users\/2"}],"replies":[{"embeddable":true,"href":"https:\/\/safeblood.uk\/es\/wp-json\/wp\/v2\/comments?post=75635"}],"version-history":[{"count":5,"href":"https:\/\/safeblood.uk\/es\/wp-json\/wp\/v2\/pages\/75635\/revisions"}],"predecessor-version":[{"id":81792,"href":"https:\/\/safeblood.uk\/es\/wp-json\/wp\/v2\/pages\/75635\/revisions\/81792"}],"wp:attachment":[{"href":"https:\/\/safeblood.uk\/es\/wp-json\/wp\/v2\/media?parent=75635"}],"curies":[{"name":"wp","href":"https:\/\/api.w.org\/{rel}","templated":true}]}}